{"id":436,"date":"2024-06-07T11:27:46","date_gmt":"2024-06-07T11:27:46","guid":{"rendered":"https:\/\/www.bayer-computers.com\/?page_id=436"},"modified":"2026-01-22T16:36:03","modified_gmt":"2026-01-22T15:36:03","slug":"mobilne-kucice","status":"publish","type":"page","link":"https:\/\/papafigo.hr\/it\/mobilne-kucice\/","title":{"rendered":"Mobile Homes"},"content":{"rendered":"","protected":false},"excerpt":{"rendered":"","protected":false},"author":1,"featured_media":0,"parent":0,"menu_order":0,"comment_status":"closed","ping_status":"closed","template":"custom-single-template.php.php","meta":{"_acf_changed":false,"footnotes":""},"class_list":["post-436","page","type-page","status-publish","hentry","entry"],"acf":[],"yoast_head":"<!-- This site is optimized with the Yoast SEO Premium plugin v21.7 (Yoast SEO v26.6) - https:\/\/yoast.com\/wordpress\/plugins\/seo\/ -->\n<title>Case mobili | Papafigo Camping Istria<\/title>\n<meta name=\"description\" content=\"Le case mobili Papafigo Camping Istria offrono una perfetta combinazione di comfort e natura. Ideale per una vacanza in famiglia o una fuga romantica, godetevi una sistemazione moderna nel cuore dell&#039;Istria.\" \/>\n<meta name=\"robots\" content=\"index, follow, max-snippet:-1, max-image-preview:large, max-video-preview:-1\" \/>\n<link rel=\"canonical\" href=\"https:\/\/papafigo.hr\/it\/mobilne-kucice\/\" \/>\n<meta property=\"og:locale\" content=\"it_IT\" \/>\n<meta property=\"og:locale:alternate\" content=\"en_US\" \/>\n<meta property=\"og:locale:alternate\" content=\"hr_HR\" \/>\n<meta property=\"og:locale:alternate\" content=\"de-DE\" \/>\n<meta property=\"og:type\" content=\"article\" \/>\n<meta property=\"og:title\" content=\"Mobile Homes\" \/>\n<meta property=\"og:description\" content=\"Le case mobili Papafigo Camping Istria offrono una perfetta combinazione di comfort e natura. Ideale per una vacanza in famiglia o una fuga romantica, godetevi una sistemazione moderna nel cuore dell&#039;Istria.\" \/>\n<meta property=\"og:url\" content=\"https:\/\/papafigo.hr\/it\/mobilne-kucice\/\" \/>\n<meta property=\"article:publisher\" content=\"https:\/\/www.facebook.com\/PapafigoCamping\/\" \/>\n<meta property=\"article:modified_time\" content=\"2026-01-22T15:36:03+00:00\" \/>\n<meta name=\"twitter:card\" content=\"summary_large_image\" \/>\n<script type=\"application\/ld+json\" class=\"yoast-schema-graph\">{\"@context\":\"https:\/\/schema.org\",\"@graph\":[{\"@type\":\"WebPage\",\"@id\":\"https:\/\/papafigo.hr\/en\/mobilne-kucice\/\",\"url\":\"https:\/\/papafigo.hr\/en\/mobilne-kucice\/\",\"name\":\"Case mobili | Papafigo Camping Istria\",\"isPartOf\":{\"@id\":\"https:\/\/papafigo.hr\/#website\"},\"datePublished\":\"2024-06-07T11:27:46+00:00\",\"dateModified\":\"2026-01-22T15:36:03+00:00\",\"description\":\"Le case mobili Papafigo Camping Istria offrono una perfetta combinazione di comfort e natura. Ideale per una vacanza in famiglia o una fuga romantica, godetevi una sistemazione moderna nel cuore dell'Istria.\",\"breadcrumb\":{\"@id\":\"https:\/\/papafigo.hr\/en\/mobilne-kucice\/#breadcrumb\"},\"inLanguage\":\"it-IT\",\"potentialAction\":[{\"@type\":\"ReadAction\",\"target\":[\"https:\/\/papafigo.hr\/en\/mobilne-kucice\/\"]}]},{\"@type\":\"BreadcrumbList\",\"@id\":\"https:\/\/papafigo.hr\/en\/mobilne-kucice\/#breadcrumb\",\"itemListElement\":[{\"@type\":\"ListItem\",\"position\":1,\"name\":\"Home\",\"item\":\"https:\/\/papafigo.hr\/it\/\"},{\"@type\":\"ListItem\",\"position\":2,\"name\":\"Mobile Homes\"}]},{\"@type\":\"WebSite\",\"@id\":\"https:\/\/papafigo.hr\/#website\",\"url\":\"https:\/\/papafigo.hr\/\",\"name\":\"Papafigo Camping\",\"description\":\"\",\"potentialAction\":[{\"@type\":\"SearchAction\",\"target\":{\"@type\":\"EntryPoint\",\"urlTemplate\":\"https:\/\/papafigo.hr\/?s={search_term_string}\"},\"query-input\":{\"@type\":\"PropertyValueSpecification\",\"valueRequired\":true,\"valueName\":\"search_term_string\"}}],\"inLanguage\":\"it-IT\"}]}<\/script>\n<!-- \/ Yoast SEO Premium plugin. -->","yoast_head_json":{"title":"Case mobili | Papafigo Camping Istria","description":"Le case mobili Papafigo Camping Istria offrono una perfetta combinazione di comfort e natura. Ideale per una vacanza in famiglia o una fuga romantica, godetevi una sistemazione moderna nel cuore dell'Istria.","robots":{"index":"index","follow":"follow","max-snippet":"max-snippet:-1","max-image-preview":"max-image-preview:large","max-video-preview":"max-video-preview:-1"},"canonical":"https:\/\/papafigo.hr\/it\/mobilne-kucice\/","og_locale":"it_IT","og_type":"article","og_title":"[:en]Mobile Homes[:hr]Mobile Homes[:]","og_description":"[:en]Mobile homes Papafigo Camping Istria offer a perfect combination of comfort and nature, ideal for a family holiday or a romantic getaway![:hr]Mobilne ku\u0107ice Papafigo Camping Istra nude savr\u0161en spoj udobnosti i prirode. Idealno za obiteljski odmor ili romanti\u010dni bijeg, u\u017eivajte u modernom smje\u0161taju u srcu Istre.[:de]Die Mobilheime Papafigo Camping Istrien bieten eine perfekte Kombination aus Komfort und Natur, ideal f\u00fcr einen Familienurlaub[:it]Le case mobili Papafigo Camping Istria offrono una perfetta combinazione di comfort e natura. Ideale per una vacanza in famiglia o una fuga romantica, godetevi una sistemazione moderna nel cuore dell'Istria.[:]","og_url":"https:\/\/papafigo.hr\/it\/mobilne-kucice\/","article_publisher":"https:\/\/www.facebook.com\/PapafigoCamping\/","article_modified_time":"2026-01-22T15:36:03+00:00","twitter_card":"summary_large_image","schema":{"@context":"https:\/\/schema.org","@graph":[{"@type":"WebPage","@id":"https:\/\/papafigo.hr\/en\/mobilne-kucice\/","url":"https:\/\/papafigo.hr\/en\/mobilne-kucice\/","name":"Case mobili | Papafigo Camping Istria","isPartOf":{"@id":"https:\/\/papafigo.hr\/#website"},"datePublished":"2024-06-07T11:27:46+00:00","dateModified":"2026-01-22T15:36:03+00:00","description":"Le case mobili Papafigo Camping Istria offrono una perfetta combinazione di comfort e natura. Ideale per una vacanza in famiglia o una fuga romantica, godetevi una sistemazione moderna nel cuore dell'Istria.","breadcrumb":{"@id":"https:\/\/papafigo.hr\/en\/mobilne-kucice\/#breadcrumb"},"inLanguage":"it-IT","potentialAction":[{"@type":"ReadAction","target":["https:\/\/papafigo.hr\/en\/mobilne-kucice\/"]}]},{"@type":"BreadcrumbList","@id":"https:\/\/papafigo.hr\/en\/mobilne-kucice\/#breadcrumb","itemListElement":[{"@type":"ListItem","position":1,"name":"Home","item":"https:\/\/papafigo.hr\/it\/"},{"@type":"ListItem","position":2,"name":"Mobile Homes"}]},{"@type":"WebSite","@id":"https:\/\/papafigo.hr\/#website","url":"https:\/\/papafigo.hr\/","name":"Papafigo Camping","description":"","potentialAction":[{"@type":"SearchAction","target":{"@type":"EntryPoint","urlTemplate":"https:\/\/papafigo.hr\/?s={search_term_string}"},"query-input":{"@type":"PropertyValueSpecification","valueRequired":true,"valueName":"search_term_string"}}],"inLanguage":"it-IT"}]}},"_links":{"self":[{"href":"https:\/\/papafigo.hr\/it\/wp-json\/wp\/v2\/pages\/436","targetHints":{"allow":["GET"]}}],"collection":[{"href":"https:\/\/papafigo.hr\/it\/wp-json\/wp\/v2\/pages"}],"about":[{"href":"https:\/\/papafigo.hr\/it\/wp-json\/wp\/v2\/types\/page"}],"author":[{"embeddable":true,"href":"https:\/\/papafigo.hr\/it\/wp-json\/wp\/v2\/users\/1"}],"replies":[{"embeddable":true,"href":"https:\/\/papafigo.hr\/it\/wp-json\/wp\/v2\/comments?post=436"}],"version-history":[{"count":147,"href":"https:\/\/papafigo.hr\/it\/wp-json\/wp\/v2\/pages\/436\/revisions"}],"predecessor-version":[{"id":3742,"href":"https:\/\/papafigo.hr\/it\/wp-json\/wp\/v2\/pages\/436\/revisions\/3742"}],"wp:attachment":[{"href":"https:\/\/papafigo.hr\/it\/wp-json\/wp\/v2\/media?parent=436"}],"curies":[{"name":"wp","href":"https:\/\/api.w.org\/{rel}","templated":true}]}}