{"id":1573,"date":"2024-07-03T01:20:48","date_gmt":"2024-07-03T00:20:48","guid":{"rendered":"https:\/\/www.bayer-computers.com\/en\/?page_id=1573"},"modified":"2025-09-29T12:02:56","modified_gmt":"2025-09-29T11:02:56","slug":"parcele","status":"publish","type":"page","link":"https:\/\/papafigo.hr\/it\/parcele\/","title":{"rendered":"Pitches"},"content":{"rendered":"","protected":false},"excerpt":{"rendered":"","protected":false},"author":1,"featured_media":0,"parent":0,"menu_order":0,"comment_status":"closed","ping_status":"closed","template":"custom-single-template.php.php","meta":{"_acf_changed":false,"footnotes":""},"class_list":["post-1573","page","type-page","status-publish","hentry","entry"],"acf":[],"yoast_head":"<!-- This site is optimized with the Yoast SEO Premium plugin v21.7 (Yoast SEO v26.6) - https:\/\/yoast.com\/wordpress\/plugins\/seo\/ -->\n<title>Piazzole per tende e camper | Papfigo Camping Istria<\/title>\n<meta name=\"description\" content=\"&quot;Piazzole per tende e camper Papafigo Camping Istria offrono un&#039;esperienza di campeggio ideale. Prenota la tua piazzola e goditi la natura con aree spaziose, infrastrutture moderne e un&#039;atmosfera rilassante.&quot;\" \/>\n<meta name=\"robots\" content=\"index, follow, max-snippet:-1, max-image-preview:large, max-video-preview:-1\" \/>\n<link rel=\"canonical\" href=\"https:\/\/papafigo.hr\/it\/parcele\/\" \/>\n<meta property=\"og:locale\" content=\"it_IT\" \/>\n<meta property=\"og:locale:alternate\" content=\"en_US\" \/>\n<meta property=\"og:locale:alternate\" content=\"hr_HR\" \/>\n<meta property=\"og:locale:alternate\" content=\"de-DE\" \/>\n<meta property=\"og:type\" content=\"article\" \/>\n<meta property=\"og:title\" content=\"Pitches\" \/>\n<meta property=\"og:description\" content=\"&quot;Piazzole per tende e camper Papafigo Camping Istria offrono un&#039;esperienza di campeggio ideale. Prenota la tua piazzola e goditi la natura con aree spaziose, infrastrutture moderne e un&#039;atmosfera rilassante.&quot;\" \/>\n<meta property=\"og:url\" content=\"https:\/\/papafigo.hr\/it\/parcele\/\" \/>\n<meta property=\"article:publisher\" content=\"https:\/\/www.facebook.com\/PapafigoCamping\/\" \/>\n<meta property=\"article:modified_time\" content=\"2025-09-29T11:02:56+00:00\" \/>\n<meta name=\"twitter:card\" content=\"summary_large_image\" \/>\n<script type=\"application\/ld+json\" class=\"yoast-schema-graph\">{\"@context\":\"https:\/\/schema.org\",\"@graph\":[{\"@type\":\"WebPage\",\"@id\":\"https:\/\/papafigo.hr\/parcele\/\",\"url\":\"https:\/\/papafigo.hr\/parcele\/\",\"name\":\"Piazzole per tende e camper | Papfigo Camping Istria\",\"isPartOf\":{\"@id\":\"https:\/\/papafigo.hr\/#website\"},\"datePublished\":\"2024-07-03T00:20:48+00:00\",\"dateModified\":\"2025-09-29T11:02:56+00:00\",\"description\":\"\\\"Piazzole per tende e camper Papafigo Camping Istria offrono un'esperienza di campeggio ideale. Prenota la tua piazzola e goditi la natura con aree spaziose, infrastrutture moderne e un'atmosfera rilassante.\\\"\",\"breadcrumb\":{\"@id\":\"https:\/\/papafigo.hr\/parcele\/#breadcrumb\"},\"inLanguage\":\"it-IT\",\"potentialAction\":[{\"@type\":\"ReadAction\",\"target\":[\"https:\/\/papafigo.hr\/parcele\/\"]}]},{\"@type\":\"BreadcrumbList\",\"@id\":\"https:\/\/papafigo.hr\/parcele\/#breadcrumb\",\"itemListElement\":[{\"@type\":\"ListItem\",\"position\":1,\"name\":\"Home\",\"item\":\"https:\/\/papafigo.hr\/it\/\"},{\"@type\":\"ListItem\",\"position\":2,\"name\":\"Pitches\"}]},{\"@type\":\"WebSite\",\"@id\":\"https:\/\/papafigo.hr\/#website\",\"url\":\"https:\/\/papafigo.hr\/\",\"name\":\"Papafigo Camping\",\"description\":\"\",\"potentialAction\":[{\"@type\":\"SearchAction\",\"target\":{\"@type\":\"EntryPoint\",\"urlTemplate\":\"https:\/\/papafigo.hr\/?s={search_term_string}\"},\"query-input\":{\"@type\":\"PropertyValueSpecification\",\"valueRequired\":true,\"valueName\":\"search_term_string\"}}],\"inLanguage\":\"it-IT\"}]}<\/script>\n<!-- \/ Yoast SEO Premium plugin. -->","yoast_head_json":{"title":"Piazzole per tende e camper | Papfigo Camping Istria","description":"\"Piazzole per tende e camper Papafigo Camping Istria offrono un'esperienza di campeggio ideale. Prenota la tua piazzola e goditi la natura con aree spaziose, infrastrutture moderne e un'atmosfera rilassante.\"","robots":{"index":"index","follow":"follow","max-snippet":"max-snippet:-1","max-image-preview":"max-image-preview:large","max-video-preview":"max-video-preview:-1"},"canonical":"https:\/\/papafigo.hr\/it\/parcele\/","og_locale":"it_IT","og_type":"article","og_title":"[:en]Parcele[:hr]Pitches[:]","og_description":"[:en]Reserve pitches at Papafigo Camping Istra for tents and campers. Enjoy nature with spacious plots, modern infrastructure and a relaxing atmosphere for a perfect camping holiday.[:hr]Parcele Papafigo Camping Istra za \u0161atore i kampere pru\u017eaju idealan kamping do\u017eivljaj. Rezervirajte svoju parcelu i u\u017eivajte u prirodi uz prostrane povr\u0161ine, modernu infrastrukturu i opu\u0161taju\u0107u atmosferu.[:de]Die Stellpl\u00e4tze von Papafigo Camping Istra f\u00fcr Zelte und Wohnmobile bieten ein ideales Campingerlebnis. Reservieren Sie Ihren Stellplatz und genie\u00dfen Sie die Natur mit gro\u00dfz\u00fcgigen Fl\u00e4chen, moderner Infrastruktur und einer entspannten Atmosph\u00e4re.[:it]\"Piazzole per tende e camper Papafigo Camping Istria offrono un'esperienza di campeggio ideale. Prenota la tua piazzola e goditi la natura con aree spaziose, infrastrutture moderne e un'atmosfera rilassante.\"[:]","og_url":"https:\/\/papafigo.hr\/it\/parcele\/","article_publisher":"https:\/\/www.facebook.com\/PapafigoCamping\/","article_modified_time":"2025-09-29T11:02:56+00:00","twitter_card":"summary_large_image","schema":{"@context":"https:\/\/schema.org","@graph":[{"@type":"WebPage","@id":"https:\/\/papafigo.hr\/parcele\/","url":"https:\/\/papafigo.hr\/parcele\/","name":"Piazzole per tende e camper | Papfigo Camping Istria","isPartOf":{"@id":"https:\/\/papafigo.hr\/#website"},"datePublished":"2024-07-03T00:20:48+00:00","dateModified":"2025-09-29T11:02:56+00:00","description":"\"Piazzole per tende e camper Papafigo Camping Istria offrono un'esperienza di campeggio ideale. Prenota la tua piazzola e goditi la natura con aree spaziose, infrastrutture moderne e un'atmosfera rilassante.\"","breadcrumb":{"@id":"https:\/\/papafigo.hr\/parcele\/#breadcrumb"},"inLanguage":"it-IT","potentialAction":[{"@type":"ReadAction","target":["https:\/\/papafigo.hr\/parcele\/"]}]},{"@type":"BreadcrumbList","@id":"https:\/\/papafigo.hr\/parcele\/#breadcrumb","itemListElement":[{"@type":"ListItem","position":1,"name":"Home","item":"https:\/\/papafigo.hr\/it\/"},{"@type":"ListItem","position":2,"name":"Pitches"}]},{"@type":"WebSite","@id":"https:\/\/papafigo.hr\/#website","url":"https:\/\/papafigo.hr\/","name":"Papafigo Camping","description":"","potentialAction":[{"@type":"SearchAction","target":{"@type":"EntryPoint","urlTemplate":"https:\/\/papafigo.hr\/?s={search_term_string}"},"query-input":{"@type":"PropertyValueSpecification","valueRequired":true,"valueName":"search_term_string"}}],"inLanguage":"it-IT"}]}},"_links":{"self":[{"href":"https:\/\/papafigo.hr\/it\/wp-json\/wp\/v2\/pages\/1573","targetHints":{"allow":["GET"]}}],"collection":[{"href":"https:\/\/papafigo.hr\/it\/wp-json\/wp\/v2\/pages"}],"about":[{"href":"https:\/\/papafigo.hr\/it\/wp-json\/wp\/v2\/types\/page"}],"author":[{"embeddable":true,"href":"https:\/\/papafigo.hr\/it\/wp-json\/wp\/v2\/users\/1"}],"replies":[{"embeddable":true,"href":"https:\/\/papafigo.hr\/it\/wp-json\/wp\/v2\/comments?post=1573"}],"version-history":[{"count":80,"href":"https:\/\/papafigo.hr\/it\/wp-json\/wp\/v2\/pages\/1573\/revisions"}],"predecessor-version":[{"id":3692,"href":"https:\/\/papafigo.hr\/it\/wp-json\/wp\/v2\/pages\/1573\/revisions\/3692"}],"wp:attachment":[{"href":"https:\/\/papafigo.hr\/it\/wp-json\/wp\/v2\/media?parent=1573"}],"curies":[{"name":"wp","href":"https:\/\/api.w.org\/{rel}","templated":true}]}}