{"id":423,"date":"2024-06-07T10:59:49","date_gmt":"2024-06-07T10:59:49","guid":{"rendered":"https:\/\/www.bayer-computers.com\/?page_id=423"},"modified":"2026-01-22T16:28:15","modified_gmt":"2026-01-22T15:28:15","slug":"papafigo-camping-istria","status":"publish","type":"page","link":"https:\/\/papafigo.hr\/en\/","title":{"rendered":"Dashboard"},"content":{"rendered":"","protected":false},"excerpt":{"rendered":"","protected":false},"author":1,"featured_media":0,"parent":0,"menu_order":0,"comment_status":"closed","ping_status":"closed","template":"custom-dashboard-template.php.php","meta":{"_acf_changed":false,"footnotes":""},"class_list":["post-423","page","type-page","status-publish","hentry","entry"],"acf":[],"yoast_head":"<!-- This site is optimized with the Yoast SEO Premium plugin v21.7 (Yoast SEO v26.6) - https:\/\/yoast.com\/wordpress\/plugins\/seo\/ -->\n<title>Home | Papafigo Camping Istria<\/title>\n<meta name=\"description\" content=\"Papafigo Camping Istra offers a unique mobile homes holiday in the heart of Istria, surrounded by nature and modern accommodation.\" \/>\n<meta name=\"robots\" content=\"index, follow, max-snippet:-1, max-image-preview:large, max-video-preview:-1\" \/>\n<link rel=\"canonical\" href=\"https:\/\/papafigo.hr\/en\/\" \/>\n<meta property=\"og:locale\" content=\"en_US\" \/>\n<meta property=\"og:locale:alternate\" content=\"hr_HR\" \/>\n<meta property=\"og:locale:alternate\" content=\"de-DE\" \/>\n<meta property=\"og:locale:alternate\" content=\"it-IT\" \/>\n<meta property=\"og:type\" content=\"article\" \/>\n<meta property=\"og:title\" content=\"\" \/>\n<meta property=\"og:description\" content=\"Papafigo Camping Istra offers a unique mobile homes holiday in the heart of Istria, surrounded by nature and modern accommodation.\" \/>\n<meta property=\"og:url\" content=\"https:\/\/papafigo.hr\/en\/\" \/>\n<meta property=\"article:publisher\" content=\"https:\/\/www.facebook.com\/PapafigoCamping\/\" \/>\n<meta property=\"article:modified_time\" content=\"2026-01-22T15:28:15+00:00\" \/>\n<meta name=\"twitter:card\" content=\"summary_large_image\" \/>\n<meta name=\"twitter:title\" content=\"Dashboard\" \/>\n<script type=\"application\/ld+json\" class=\"yoast-schema-graph\">{\"@context\":\"https:\/\/schema.org\",\"@graph\":[{\"@type\":\"WebPage\",\"@id\":\"https:\/\/papafigo.hr\/it\/\",\"url\":\"https:\/\/papafigo.hr\/it\/\",\"name\":\"Home | Papafigo Camping Istria\",\"isPartOf\":{\"@id\":\"https:\/\/papafigo.hr\/#website\"},\"datePublished\":\"2024-06-07T10:59:49+00:00\",\"dateModified\":\"2026-01-22T15:28:15+00:00\",\"description\":\"Papafigo Camping Istra offers a unique mobile homes holiday in the heart of Istria, surrounded by nature and modern accommodation.\",\"breadcrumb\":{\"@id\":\"https:\/\/papafigo.hr\/it\/#breadcrumb\"},\"inLanguage\":\"en-US\",\"potentialAction\":[{\"@type\":\"ReadAction\",\"target\":[\"https:\/\/papafigo.hr\/it\/\"]}]},{\"@type\":\"BreadcrumbList\",\"@id\":\"https:\/\/papafigo.hr\/it\/#breadcrumb\",\"itemListElement\":[{\"@type\":\"ListItem\",\"position\":1,\"name\":\"Home\",\"item\":\"https:\/\/papafigo.hr\/it\/\"},{\"@type\":\"ListItem\",\"position\":2,\"name\":\"Dashboard\"}]},{\"@type\":\"WebSite\",\"@id\":\"https:\/\/papafigo.hr\/#website\",\"url\":\"https:\/\/papafigo.hr\/\",\"name\":\"Papafigo Camping\",\"description\":\"\",\"potentialAction\":[{\"@type\":\"SearchAction\",\"target\":{\"@type\":\"EntryPoint\",\"urlTemplate\":\"https:\/\/papafigo.hr\/?s={search_term_string}\"},\"query-input\":{\"@type\":\"PropertyValueSpecification\",\"valueRequired\":true,\"valueName\":\"search_term_string\"}}],\"inLanguage\":\"en-US\"}]}<\/script>\n<!-- \/ Yoast SEO Premium plugin. -->","yoast_head_json":{"title":"Home | Papafigo Camping Istria","description":"Papafigo Camping Istra offers a unique mobile homes holiday in the heart of Istria, surrounded by nature and modern accommodation.","robots":{"index":"index","follow":"follow","max-snippet":"max-snippet:-1","max-image-preview":"max-image-preview:large","max-video-preview":"max-video-preview:-1"},"canonical":"https:\/\/papafigo.hr\/en\/","og_locale":"en_US","og_type":"article","og_title":"[:it]Home Papafigo Camping[:]","og_description":"[:en]Papafigo Camping Istra offers a unique mobile homes holiday in the heart of Istria, surrounded by nature and modern accommodation.[:hr]Papafigo Camping mobilne ku\u0107ice u Istri, nudi jedinstven odmor u srcu Istre, okru\u017een prirodom, s modernim smje\u0161tajem i brojnim sadr\u017eajima.[:de]Papafigo Camping Istrien Mobilheimurlaub bietet einen einzigartigen im Herzen Istriens, umgeben von Natur und modernen Unterk\u00fcnften.[:it]Papafigo Camping Istra case mobili offre una vacanza unica nel cuore dell'Istria, circondato dalla natura, con sistemazioni moderne e numerosi servizi.[:]","og_url":"https:\/\/papafigo.hr\/en\/","article_publisher":"https:\/\/www.facebook.com\/PapafigoCamping\/","article_modified_time":"2026-01-22T15:28:15+00:00","twitter_card":"summary_large_image","twitter_title":"[:en]Dashboard[:hr]Dashboard[:]","schema":{"@context":"https:\/\/schema.org","@graph":[{"@type":"WebPage","@id":"https:\/\/papafigo.hr\/it\/","url":"https:\/\/papafigo.hr\/it\/","name":"Home | Papafigo Camping Istria","isPartOf":{"@id":"https:\/\/papafigo.hr\/#website"},"datePublished":"2024-06-07T10:59:49+00:00","dateModified":"2026-01-22T15:28:15+00:00","description":"Papafigo Camping Istra offers a unique mobile homes holiday in the heart of Istria, surrounded by nature and modern accommodation.","breadcrumb":{"@id":"https:\/\/papafigo.hr\/it\/#breadcrumb"},"inLanguage":"en-US","potentialAction":[{"@type":"ReadAction","target":["https:\/\/papafigo.hr\/it\/"]}]},{"@type":"BreadcrumbList","@id":"https:\/\/papafigo.hr\/it\/#breadcrumb","itemListElement":[{"@type":"ListItem","position":1,"name":"Home","item":"https:\/\/papafigo.hr\/it\/"},{"@type":"ListItem","position":2,"name":"Dashboard"}]},{"@type":"WebSite","@id":"https:\/\/papafigo.hr\/#website","url":"https:\/\/papafigo.hr\/","name":"Papafigo Camping","description":"","potentialAction":[{"@type":"SearchAction","target":{"@type":"EntryPoint","urlTemplate":"https:\/\/papafigo.hr\/?s={search_term_string}"},"query-input":{"@type":"PropertyValueSpecification","valueRequired":true,"valueName":"search_term_string"}}],"inLanguage":"en-US"}]}},"_links":{"self":[{"href":"https:\/\/papafigo.hr\/en\/wp-json\/wp\/v2\/pages\/423","targetHints":{"allow":["GET"]}}],"collection":[{"href":"https:\/\/papafigo.hr\/en\/wp-json\/wp\/v2\/pages"}],"about":[{"href":"https:\/\/papafigo.hr\/en\/wp-json\/wp\/v2\/types\/page"}],"author":[{"embeddable":true,"href":"https:\/\/papafigo.hr\/en\/wp-json\/wp\/v2\/users\/1"}],"replies":[{"embeddable":true,"href":"https:\/\/papafigo.hr\/en\/wp-json\/wp\/v2\/comments?post=423"}],"version-history":[{"count":141,"href":"https:\/\/papafigo.hr\/en\/wp-json\/wp\/v2\/pages\/423\/revisions"}],"predecessor-version":[{"id":3735,"href":"https:\/\/papafigo.hr\/en\/wp-json\/wp\/v2\/pages\/423\/revisions\/3735"}],"wp:attachment":[{"href":"https:\/\/papafigo.hr\/en\/wp-json\/wp\/v2\/media?parent=423"}],"curies":[{"name":"wp","href":"https:\/\/api.w.org\/{rel}","templated":true}]}}