{"id":2001,"date":"2024-07-04T04:40:42","date_gmt":"2024-07-04T03:40:42","guid":{"rendered":"https:\/\/www.bayer-computers.com\/?page_id=2001"},"modified":"2025-04-25T16:02:07","modified_gmt":"2025-04-25T15:02:07","slug":"wellness","status":"publish","type":"page","link":"https:\/\/papafigo.hr\/en\/wellness\/","title":{"rendered":"Wellness"},"content":{"rendered":"","protected":false},"excerpt":{"rendered":"","protected":false},"author":1,"featured_media":0,"parent":0,"menu_order":0,"comment_status":"closed","ping_status":"closed","template":"custom-additional-service-template.php","meta":{"_acf_changed":false,"footnotes":""},"class_list":["post-2001","page","type-page","status-publish","hentry","entry"],"acf":[],"yoast_head":"<!-- This site is optimized with the Yoast SEO Premium plugin v21.7 (Yoast SEO v26.6) - https:\/\/yoast.com\/wordpress\/plugins\/seo\/ -->\n<title>Wellness | Papafigo Camping<\/title>\n<meta name=\"description\" content=\"Wellness Papafigo Camping offers relaxing experiences in the heart of nature. Enjoy saunas and other wellness facilities.\" \/>\n<meta name=\"robots\" content=\"index, follow, max-snippet:-1, max-image-preview:large, max-video-preview:-1\" \/>\n<link rel=\"canonical\" href=\"https:\/\/papafigo.hr\/en\/wellness\/\" \/>\n<meta property=\"og:locale\" content=\"en_US\" \/>\n<meta property=\"og:locale:alternate\" content=\"hr_HR\" \/>\n<meta property=\"og:locale:alternate\" content=\"de-DE\" \/>\n<meta property=\"og:locale:alternate\" content=\"it-IT\" \/>\n<meta property=\"og:type\" content=\"article\" \/>\n<meta property=\"og:title\" content=\"Wellness\" \/>\n<meta property=\"og:description\" content=\"Wellness Papafigo Camping offers relaxing experiences in the heart of nature. Enjoy saunas and other wellness facilities.\" \/>\n<meta property=\"og:url\" content=\"https:\/\/papafigo.hr\/en\/wellness\/\" \/>\n<meta property=\"article:publisher\" content=\"https:\/\/www.facebook.com\/PapafigoCamping\/\" \/>\n<meta property=\"article:modified_time\" content=\"2025-04-25T15:02:07+00:00\" \/>\n<meta name=\"twitter:card\" content=\"summary_large_image\" \/>\n<script type=\"application\/ld+json\" class=\"yoast-schema-graph\">{\"@context\":\"https:\/\/schema.org\",\"@graph\":[{\"@type\":\"WebPage\",\"@id\":\"https:\/\/papafigo.hr\/it\/wellness\/\",\"url\":\"https:\/\/papafigo.hr\/it\/wellness\/\",\"name\":\"Wellness | Papafigo Camping\",\"isPartOf\":{\"@id\":\"https:\/\/papafigo.hr\/#website\"},\"datePublished\":\"2024-07-04T03:40:42+00:00\",\"dateModified\":\"2025-04-25T15:02:07+00:00\",\"description\":\"Wellness Papafigo Camping offers relaxing experiences in the heart of nature. Enjoy saunas and other wellness facilities.\",\"breadcrumb\":{\"@id\":\"https:\/\/papafigo.hr\/it\/wellness\/#breadcrumb\"},\"inLanguage\":\"en-US\",\"potentialAction\":[{\"@type\":\"ReadAction\",\"target\":[\"https:\/\/papafigo.hr\/it\/wellness\/\"]}]},{\"@type\":\"BreadcrumbList\",\"@id\":\"https:\/\/papafigo.hr\/it\/wellness\/#breadcrumb\",\"itemListElement\":[{\"@type\":\"ListItem\",\"position\":1,\"name\":\"Home\",\"item\":\"https:\/\/papafigo.hr\/it\/\"},{\"@type\":\"ListItem\",\"position\":2,\"name\":\"Wellness\"}]},{\"@type\":\"WebSite\",\"@id\":\"https:\/\/papafigo.hr\/#website\",\"url\":\"https:\/\/papafigo.hr\/\",\"name\":\"Papafigo Camping\",\"description\":\"\",\"potentialAction\":[{\"@type\":\"SearchAction\",\"target\":{\"@type\":\"EntryPoint\",\"urlTemplate\":\"https:\/\/papafigo.hr\/?s={search_term_string}\"},\"query-input\":{\"@type\":\"PropertyValueSpecification\",\"valueRequired\":true,\"valueName\":\"search_term_string\"}}],\"inLanguage\":\"en-US\"}]}<\/script>\n<!-- \/ Yoast SEO Premium plugin. -->","yoast_head_json":{"title":"Wellness | Papafigo Camping","description":"Wellness Papafigo Camping offers relaxing experiences in the heart of nature. Enjoy saunas and other wellness facilities.","robots":{"index":"index","follow":"follow","max-snippet":"max-snippet:-1","max-image-preview":"max-image-preview:large","max-video-preview":"max-video-preview:-1"},"canonical":"https:\/\/papafigo.hr\/en\/wellness\/","og_locale":"en_US","og_type":"article","og_title":"[:hr]Wellness[:]","og_description":"[:en]Wellness Papafigo Camping offers relaxing experiences in the heart of nature. Enjoy saunas and other wellness facilities.[:hr]Wellness Papafigo Camping nudi opu\u0161taju\u0107e do\u017eivljaje u srcu prirode. U\u017eivajte u saunama i drugim wellness sadr\u017eajima.[:de]Wellness Papafigo Camping bietet entspannende Erlebnisse inmitten der Natur. Genie\u00dfen Sie Saunen und andere Wellnesseinrichtungen.[:it]Wellness Papafigo Camping offre esperienze rilassanti nel cuore della natura. Godetevi le saune e le altre strutture per il benessere.[:]","og_url":"https:\/\/papafigo.hr\/en\/wellness\/","article_publisher":"https:\/\/www.facebook.com\/PapafigoCamping\/","article_modified_time":"2025-04-25T15:02:07+00:00","twitter_card":"summary_large_image","schema":{"@context":"https:\/\/schema.org","@graph":[{"@type":"WebPage","@id":"https:\/\/papafigo.hr\/it\/wellness\/","url":"https:\/\/papafigo.hr\/it\/wellness\/","name":"Wellness | Papafigo Camping","isPartOf":{"@id":"https:\/\/papafigo.hr\/#website"},"datePublished":"2024-07-04T03:40:42+00:00","dateModified":"2025-04-25T15:02:07+00:00","description":"Wellness Papafigo Camping offers relaxing experiences in the heart of nature. Enjoy saunas and other wellness facilities.","breadcrumb":{"@id":"https:\/\/papafigo.hr\/it\/wellness\/#breadcrumb"},"inLanguage":"en-US","potentialAction":[{"@type":"ReadAction","target":["https:\/\/papafigo.hr\/it\/wellness\/"]}]},{"@type":"BreadcrumbList","@id":"https:\/\/papafigo.hr\/it\/wellness\/#breadcrumb","itemListElement":[{"@type":"ListItem","position":1,"name":"Home","item":"https:\/\/papafigo.hr\/it\/"},{"@type":"ListItem","position":2,"name":"Wellness"}]},{"@type":"WebSite","@id":"https:\/\/papafigo.hr\/#website","url":"https:\/\/papafigo.hr\/","name":"Papafigo Camping","description":"","potentialAction":[{"@type":"SearchAction","target":{"@type":"EntryPoint","urlTemplate":"https:\/\/papafigo.hr\/?s={search_term_string}"},"query-input":{"@type":"PropertyValueSpecification","valueRequired":true,"valueName":"search_term_string"}}],"inLanguage":"en-US"}]}},"_links":{"self":[{"href":"https:\/\/papafigo.hr\/en\/wp-json\/wp\/v2\/pages\/2001","targetHints":{"allow":["GET"]}}],"collection":[{"href":"https:\/\/papafigo.hr\/en\/wp-json\/wp\/v2\/pages"}],"about":[{"href":"https:\/\/papafigo.hr\/en\/wp-json\/wp\/v2\/types\/page"}],"author":[{"embeddable":true,"href":"https:\/\/papafigo.hr\/en\/wp-json\/wp\/v2\/users\/1"}],"replies":[{"embeddable":true,"href":"https:\/\/papafigo.hr\/en\/wp-json\/wp\/v2\/comments?post=2001"}],"version-history":[{"count":55,"href":"https:\/\/papafigo.hr\/en\/wp-json\/wp\/v2\/pages\/2001\/revisions"}],"predecessor-version":[{"id":3548,"href":"https:\/\/papafigo.hr\/en\/wp-json\/wp\/v2\/pages\/2001\/revisions\/3548"}],"wp:attachment":[{"href":"https:\/\/papafigo.hr\/en\/wp-json\/wp\/v2\/media?parent=2001"}],"curies":[{"name":"wp","href":"https:\/\/api.w.org\/{rel}","templated":true}]}}