{"id":983,"date":"2024-06-26T01:55:50","date_gmt":"2024-06-26T00:55:50","guid":{"rendered":"https:\/\/www.bayer-computers.com\/?page_id=983"},"modified":"2024-10-29T14:39:38","modified_gmt":"2024-10-29T13:39:38","slug":"about-us","status":"publish","type":"page","link":"https:\/\/papafigo.hr\/de\/about-us\/","title":{"rendered":"About Us"},"content":{"rendered":"","protected":false},"excerpt":{"rendered":"","protected":false},"author":1,"featured_media":0,"parent":0,"menu_order":0,"comment_status":"closed","ping_status":"closed","template":"about_us_template.php","meta":{"_acf_changed":false,"footnotes":""},"class_list":["post-983","page","type-page","status-publish","hentry","entry"],"acf":[],"yoast_head":"<!-- This site is optimized with the Yoast SEO Premium plugin v21.7 (Yoast SEO v26.6) - https:\/\/yoast.com\/wordpress\/plugins\/seo\/ -->\n<title>O nama | Papafigo Camping<\/title>\n<meta name=\"description\" content=\"Papafigo Camping ist ein Familiencamping in einer nat\u00fcrlichen Oase der Ruhe in Istrien. Wir bieten ein einzigartiges Campingerlebnis mit hervorragendem Komfort, modernen Unterk\u00fcnften und zahlreichen Einrichtungen f\u00fcr die ganze Familie. Erleben Sie authentische Natur, lokale K\u00f6stlichkeiten und einen erholsamen Urlaub im Herzen Istriens.\" \/>\n<meta name=\"robots\" content=\"index, follow, max-snippet:-1, max-image-preview:large, max-video-preview:-1\" \/>\n<link rel=\"canonical\" href=\"https:\/\/papafigo.hr\/de\/about-us\/\" \/>\n<meta property=\"og:locale\" content=\"de_DE\" \/>\n<meta property=\"og:locale:alternate\" content=\"en_US\" \/>\n<meta property=\"og:locale:alternate\" content=\"hr_HR\" \/>\n<meta property=\"og:locale:alternate\" content=\"it-IT\" \/>\n<meta property=\"og:type\" content=\"article\" \/>\n<meta property=\"og:title\" content=\"About Us\" \/>\n<meta property=\"og:description\" content=\"Papafigo Camping je obiteljski kamp smje\u0161ten u prirodnoj oazi mira u Istri. Nudimo jedinstven do\u017eivljaj kampiranja uz vrhunsku udobnost, moderan smje\u0161taj i brojne sadr\u017eaje za cijelu obitelj. Do\u017eivite autenti\u010dnu prirodu, lokalne delicije i opu\u0161taju\u0107i odmor u srcu Istre.\" \/>\n<meta property=\"og:url\" content=\"https:\/\/papafigo.hr\/de\/about-us\/\" \/>\n<meta property=\"article:publisher\" content=\"https:\/\/www.facebook.com\/PapafigoCamping\/\" \/>\n<meta property=\"article:modified_time\" content=\"2024-10-29T13:39:38+00:00\" \/>\n<meta name=\"twitter:card\" content=\"summary_large_image\" \/>\n<script type=\"application\/ld+json\" class=\"yoast-schema-graph\">{\"@context\":\"https:\/\/schema.org\",\"@graph\":[{\"@type\":\"WebPage\",\"@id\":\"https:\/\/papafigo.hr\/about-us\/\",\"url\":\"https:\/\/papafigo.hr\/about-us\/\",\"name\":\"O nama | Papafigo Camping\",\"isPartOf\":{\"@id\":\"https:\/\/papafigo.hr\/#website\"},\"datePublished\":\"2024-06-26T00:55:50+00:00\",\"dateModified\":\"2024-10-29T13:39:38+00:00\",\"description\":\"Papafigo Camping je obiteljski kamp smje\u0161ten u prirodnoj oazi mira u Istri. Nudimo jedinstven do\u017eivljaj kampiranja uz vrhunsku udobnost, moderan smje\u0161taj i brojne sadr\u017eaje za cijelu obitelj. Do\u017eivite autenti\u010dnu prirodu, lokalne delicije i opu\u0161taju\u0107i odmor u srcu Istre.\",\"breadcrumb\":{\"@id\":\"https:\/\/papafigo.hr\/about-us\/#breadcrumb\"},\"inLanguage\":\"de-DE\",\"potentialAction\":[{\"@type\":\"ReadAction\",\"target\":[\"https:\/\/papafigo.hr\/about-us\/\"]}]},{\"@type\":\"BreadcrumbList\",\"@id\":\"https:\/\/papafigo.hr\/about-us\/#breadcrumb\",\"itemListElement\":[{\"@type\":\"ListItem\",\"position\":1,\"name\":\"Home\",\"item\":\"https:\/\/papafigo.hr\/it\/\"},{\"@type\":\"ListItem\",\"position\":2,\"name\":\"About Us\"}]},{\"@type\":\"WebSite\",\"@id\":\"https:\/\/papafigo.hr\/#website\",\"url\":\"https:\/\/papafigo.hr\/\",\"name\":\"Papafigo Camping\",\"description\":\"\",\"potentialAction\":[{\"@type\":\"SearchAction\",\"target\":{\"@type\":\"EntryPoint\",\"urlTemplate\":\"https:\/\/papafigo.hr\/?s={search_term_string}\"},\"query-input\":{\"@type\":\"PropertyValueSpecification\",\"valueRequired\":true,\"valueName\":\"search_term_string\"}}],\"inLanguage\":\"de-DE\"}]}<\/script>\n<!-- \/ Yoast SEO Premium plugin. -->","yoast_head_json":{"title":"O nama | Papafigo Camping","description":"Papafigo Camping ist ein Familiencamping in einer nat\u00fcrlichen Oase der Ruhe in Istrien. Wir bieten ein einzigartiges Campingerlebnis mit hervorragendem Komfort, modernen Unterk\u00fcnften und zahlreichen Einrichtungen f\u00fcr die ganze Familie. Erleben Sie authentische Natur, lokale K\u00f6stlichkeiten und einen erholsamen Urlaub im Herzen Istriens.","robots":{"index":"index","follow":"follow","max-snippet":"max-snippet:-1","max-image-preview":"max-image-preview:large","max-video-preview":"max-video-preview:-1"},"canonical":"https:\/\/papafigo.hr\/de\/about-us\/","og_locale":"de_DE","og_type":"article","og_title":"[:hr]About Us[:]","og_description":"Papafigo Camping je obiteljski kamp smje\u0161ten u prirodnoj oazi mira u Istri. Nudimo jedinstven do\u017eivljaj kampiranja uz vrhunsku udobnost, moderan smje\u0161taj i brojne sadr\u017eaje za cijelu obitelj. Do\u017eivite autenti\u010dnu prirodu, lokalne delicije i opu\u0161taju\u0107i odmor u srcu Istre.","og_url":"https:\/\/papafigo.hr\/de\/about-us\/","article_publisher":"https:\/\/www.facebook.com\/PapafigoCamping\/","article_modified_time":"2024-10-29T13:39:38+00:00","twitter_card":"summary_large_image","schema":{"@context":"https:\/\/schema.org","@graph":[{"@type":"WebPage","@id":"https:\/\/papafigo.hr\/about-us\/","url":"https:\/\/papafigo.hr\/about-us\/","name":"O nama | Papafigo Camping","isPartOf":{"@id":"https:\/\/papafigo.hr\/#website"},"datePublished":"2024-06-26T00:55:50+00:00","dateModified":"2024-10-29T13:39:38+00:00","description":"Papafigo Camping je obiteljski kamp smje\u0161ten u prirodnoj oazi mira u Istri. Nudimo jedinstven do\u017eivljaj kampiranja uz vrhunsku udobnost, moderan smje\u0161taj i brojne sadr\u017eaje za cijelu obitelj. Do\u017eivite autenti\u010dnu prirodu, lokalne delicije i opu\u0161taju\u0107i odmor u srcu Istre.","breadcrumb":{"@id":"https:\/\/papafigo.hr\/about-us\/#breadcrumb"},"inLanguage":"de-DE","potentialAction":[{"@type":"ReadAction","target":["https:\/\/papafigo.hr\/about-us\/"]}]},{"@type":"BreadcrumbList","@id":"https:\/\/papafigo.hr\/about-us\/#breadcrumb","itemListElement":[{"@type":"ListItem","position":1,"name":"Home","item":"https:\/\/papafigo.hr\/it\/"},{"@type":"ListItem","position":2,"name":"About Us"}]},{"@type":"WebSite","@id":"https:\/\/papafigo.hr\/#website","url":"https:\/\/papafigo.hr\/","name":"Papafigo Camping","description":"","potentialAction":[{"@type":"SearchAction","target":{"@type":"EntryPoint","urlTemplate":"https:\/\/papafigo.hr\/?s={search_term_string}"},"query-input":{"@type":"PropertyValueSpecification","valueRequired":true,"valueName":"search_term_string"}}],"inLanguage":"de-DE"}]}},"_links":{"self":[{"href":"https:\/\/papafigo.hr\/de\/wp-json\/wp\/v2\/pages\/983","targetHints":{"allow":["GET"]}}],"collection":[{"href":"https:\/\/papafigo.hr\/de\/wp-json\/wp\/v2\/pages"}],"about":[{"href":"https:\/\/papafigo.hr\/de\/wp-json\/wp\/v2\/types\/page"}],"author":[{"embeddable":true,"href":"https:\/\/papafigo.hr\/de\/wp-json\/wp\/v2\/users\/1"}],"replies":[{"embeddable":true,"href":"https:\/\/papafigo.hr\/de\/wp-json\/wp\/v2\/comments?post=983"}],"version-history":[{"count":22,"href":"https:\/\/papafigo.hr\/de\/wp-json\/wp\/v2\/pages\/983\/revisions"}],"predecessor-version":[{"id":3522,"href":"https:\/\/papafigo.hr\/de\/wp-json\/wp\/v2\/pages\/983\/revisions\/3522"}],"wp:attachment":[{"href":"https:\/\/papafigo.hr\/de\/wp-json\/wp\/v2\/media?parent=983"}],"curies":[{"name":"wp","href":"https:\/\/api.w.org\/{rel}","templated":true}]}}