{"id":753,"date":"2024-06-19T06:06:55","date_gmt":"2024-06-19T06:06:55","guid":{"rendered":"https:\/\/www.bayer-computers.com\/hr\/?page_id=753"},"modified":"2026-01-22T16:39:55","modified_gmt":"2026-01-22T15:39:55","slug":"villa","status":"publish","type":"page","link":"https:\/\/papafigo.hr\/de\/villa\/","title":{"rendered":"Villa"},"content":{"rendered":"","protected":false},"excerpt":{"rendered":"","protected":false},"author":1,"featured_media":0,"parent":0,"menu_order":0,"comment_status":"closed","ping_status":"closed","template":"custom-single-template.php.php","meta":{"_acf_changed":false,"footnotes":""},"class_list":["post-753","page","type-page","status-publish","hentry","entry"],"acf":[],"yoast_head":"<!-- This site is optimized with the Yoast SEO Premium plugin v21.7 (Yoast SEO v26.6) - https:\/\/yoast.com\/wordpress\/plugins\/seo\/ -->\n<title>Villa Voliera | Papafigo Camping<\/title>\n<meta name=\"description\" content=\"Villa Voliera Papafigo Camping in Istrien bietet komfortable Unterk\u00fcnfte und eine wundersch\u00f6ne Umgebung f\u00fcr unvergessliche Momente.\" \/>\n<meta name=\"robots\" content=\"index, follow, max-snippet:-1, max-image-preview:large, max-video-preview:-1\" \/>\n<link rel=\"canonical\" href=\"https:\/\/papafigo.hr\/de\/villa\/\" \/>\n<meta property=\"og:locale\" content=\"de_DE\" \/>\n<meta property=\"og:locale:alternate\" content=\"en_US\" \/>\n<meta property=\"og:locale:alternate\" content=\"hr_HR\" \/>\n<meta property=\"og:locale:alternate\" content=\"it-IT\" \/>\n<meta property=\"og:type\" content=\"article\" \/>\n<meta property=\"og:title\" content=\"Villa\" \/>\n<meta property=\"og:description\" content=\"Villa Voliera Papafigo Camping in Istrien bietet komfortable Unterk\u00fcnfte und eine wundersch\u00f6ne Umgebung f\u00fcr unvergessliche Momente.\" \/>\n<meta property=\"og:url\" content=\"https:\/\/papafigo.hr\/de\/villa\/\" \/>\n<meta property=\"article:publisher\" content=\"https:\/\/www.facebook.com\/PapafigoCamping\/\" \/>\n<meta property=\"article:modified_time\" content=\"2026-01-22T15:39:55+00:00\" \/>\n<meta name=\"twitter:card\" content=\"summary_large_image\" \/>\n<script type=\"application\/ld+json\" class=\"yoast-schema-graph\">{\"@context\":\"https:\/\/schema.org\",\"@graph\":[{\"@type\":\"WebPage\",\"@id\":\"https:\/\/papafigo.hr\/it\/villa\/\",\"url\":\"https:\/\/papafigo.hr\/it\/villa\/\",\"name\":\"Villa Voliera | Papafigo Camping\",\"isPartOf\":{\"@id\":\"https:\/\/papafigo.hr\/#website\"},\"datePublished\":\"2024-06-19T06:06:55+00:00\",\"dateModified\":\"2026-01-22T15:39:55+00:00\",\"description\":\"Villa Voliera Papafigo Camping in Istrien bietet komfortable Unterk\u00fcnfte und eine wundersch\u00f6ne Umgebung f\u00fcr unvergessliche Momente.\",\"breadcrumb\":{\"@id\":\"https:\/\/papafigo.hr\/it\/villa\/#breadcrumb\"},\"inLanguage\":\"de-DE\",\"potentialAction\":[{\"@type\":\"ReadAction\",\"target\":[\"https:\/\/papafigo.hr\/it\/villa\/\"]}]},{\"@type\":\"BreadcrumbList\",\"@id\":\"https:\/\/papafigo.hr\/it\/villa\/#breadcrumb\",\"itemListElement\":[{\"@type\":\"ListItem\",\"position\":1,\"name\":\"Home\",\"item\":\"https:\/\/papafigo.hr\/it\/\"},{\"@type\":\"ListItem\",\"position\":2,\"name\":\"Villa\"}]},{\"@type\":\"WebSite\",\"@id\":\"https:\/\/papafigo.hr\/#website\",\"url\":\"https:\/\/papafigo.hr\/\",\"name\":\"Papafigo Camping\",\"description\":\"\",\"potentialAction\":[{\"@type\":\"SearchAction\",\"target\":{\"@type\":\"EntryPoint\",\"urlTemplate\":\"https:\/\/papafigo.hr\/?s={search_term_string}\"},\"query-input\":{\"@type\":\"PropertyValueSpecification\",\"valueRequired\":true,\"valueName\":\"search_term_string\"}}],\"inLanguage\":\"de-DE\"}]}<\/script>\n<!-- \/ Yoast SEO Premium plugin. -->","yoast_head_json":{"title":"Villa Voliera | Papafigo Camping","description":"Villa Voliera Papafigo Camping in Istrien bietet komfortable Unterk\u00fcnfte und eine wundersch\u00f6ne Umgebung f\u00fcr unvergessliche Momente.","robots":{"index":"index","follow":"follow","max-snippet":"max-snippet:-1","max-image-preview":"max-image-preview:large","max-video-preview":"max-video-preview:-1"},"canonical":"https:\/\/papafigo.hr\/de\/villa\/","og_locale":"de_DE","og_type":"article","og_title":"[:en]Villa[:hr]Villa[:]","og_description":"[:en]Villa Voliera Papafigo Camping in Istria offers comfortable accommodation and a beautiful environment for unforgettable moments.[:hr]Vila Voliera Papafigo Camping u Istri, nudi udoban smje\u0161taj i prekrasan okoli\u0161 za nezaboravne trenutke.\"[:de]Villa Voliera Papafigo Camping in Istrien bietet komfortable Unterk\u00fcnfte und eine wundersch\u00f6ne Umgebung f\u00fcr unvergessliche Momente.[:it]Villa Voliera Papafigo Camping in Istria offre sistemazioni confortevoli e un bellissimo ambiente per momenti indimenticabili.\"[:]","og_url":"https:\/\/papafigo.hr\/de\/villa\/","article_publisher":"https:\/\/www.facebook.com\/PapafigoCamping\/","article_modified_time":"2026-01-22T15:39:55+00:00","twitter_card":"summary_large_image","schema":{"@context":"https:\/\/schema.org","@graph":[{"@type":"WebPage","@id":"https:\/\/papafigo.hr\/it\/villa\/","url":"https:\/\/papafigo.hr\/it\/villa\/","name":"Villa Voliera | Papafigo Camping","isPartOf":{"@id":"https:\/\/papafigo.hr\/#website"},"datePublished":"2024-06-19T06:06:55+00:00","dateModified":"2026-01-22T15:39:55+00:00","description":"Villa Voliera Papafigo Camping in Istrien bietet komfortable Unterk\u00fcnfte und eine wundersch\u00f6ne Umgebung f\u00fcr unvergessliche Momente.","breadcrumb":{"@id":"https:\/\/papafigo.hr\/it\/villa\/#breadcrumb"},"inLanguage":"de-DE","potentialAction":[{"@type":"ReadAction","target":["https:\/\/papafigo.hr\/it\/villa\/"]}]},{"@type":"BreadcrumbList","@id":"https:\/\/papafigo.hr\/it\/villa\/#breadcrumb","itemListElement":[{"@type":"ListItem","position":1,"name":"Home","item":"https:\/\/papafigo.hr\/it\/"},{"@type":"ListItem","position":2,"name":"Villa"}]},{"@type":"WebSite","@id":"https:\/\/papafigo.hr\/#website","url":"https:\/\/papafigo.hr\/","name":"Papafigo Camping","description":"","potentialAction":[{"@type":"SearchAction","target":{"@type":"EntryPoint","urlTemplate":"https:\/\/papafigo.hr\/?s={search_term_string}"},"query-input":{"@type":"PropertyValueSpecification","valueRequired":true,"valueName":"search_term_string"}}],"inLanguage":"de-DE"}]}},"_links":{"self":[{"href":"https:\/\/papafigo.hr\/de\/wp-json\/wp\/v2\/pages\/753","targetHints":{"allow":["GET"]}}],"collection":[{"href":"https:\/\/papafigo.hr\/de\/wp-json\/wp\/v2\/pages"}],"about":[{"href":"https:\/\/papafigo.hr\/de\/wp-json\/wp\/v2\/types\/page"}],"author":[{"embeddable":true,"href":"https:\/\/papafigo.hr\/de\/wp-json\/wp\/v2\/users\/1"}],"replies":[{"embeddable":true,"href":"https:\/\/papafigo.hr\/de\/wp-json\/wp\/v2\/comments?post=753"}],"version-history":[{"count":115,"href":"https:\/\/papafigo.hr\/de\/wp-json\/wp\/v2\/pages\/753\/revisions"}],"predecessor-version":[{"id":3745,"href":"https:\/\/papafigo.hr\/de\/wp-json\/wp\/v2\/pages\/753\/revisions\/3745"}],"wp:attachment":[{"href":"https:\/\/papafigo.hr\/de\/wp-json\/wp\/v2\/media?parent=753"}],"curies":[{"name":"wp","href":"https:\/\/api.w.org\/{rel}","templated":true}]}}