{"id":751,"date":"2024-06-19T06:06:02","date_gmt":"2024-06-19T06:06:02","guid":{"rendered":"https:\/\/www.bayer-computers.com\/hr\/?page_id=751"},"modified":"2026-01-22T16:30:58","modified_gmt":"2026-01-22T15:30:58","slug":"glamping-satori","status":"publish","type":"page","link":"https:\/\/papafigo.hr\/de\/glamping-satori\/","title":{"rendered":"Glamping Tents"},"content":{"rendered":"","protected":false},"excerpt":{"rendered":"","protected":false},"author":1,"featured_media":0,"parent":0,"menu_order":0,"comment_status":"closed","ping_status":"closed","template":"custom-single-template.php.php","meta":{"_acf_changed":false,"footnotes":""},"class_list":["post-751","page","type-page","status-publish","hentry","entry"],"acf":[],"yoast_head":"<!-- This site is optimized with the Yoast SEO Premium plugin v21.7 (Yoast SEO v26.6) - https:\/\/yoast.com\/wordpress\/plugins\/seo\/ -->\n<title>Glamping Zelte | Papafigo Camping Istrien<\/title>\n<meta name=\"description\" content=\"Erleben Sie einen luxuri\u00f6sen Urlaub in der Natur mit unseren exklusiven Glamping Zelten im Papafigo Camping Istrien.\" \/>\n<meta name=\"robots\" content=\"index, follow, max-snippet:-1, max-image-preview:large, max-video-preview:-1\" \/>\n<link rel=\"canonical\" href=\"https:\/\/papafigo.hr\/de\/glamping-satori\/\" \/>\n<meta property=\"og:locale\" content=\"de_DE\" \/>\n<meta property=\"og:locale:alternate\" content=\"en_US\" \/>\n<meta property=\"og:locale:alternate\" content=\"hr_HR\" \/>\n<meta property=\"og:locale:alternate\" content=\"it-IT\" \/>\n<meta property=\"og:type\" content=\"article\" \/>\n<meta property=\"og:title\" content=\"Glamping Tents\" \/>\n<meta property=\"og:description\" content=\"Erleben Sie einen luxuri\u00f6sen Urlaub in der Natur mit unseren exklusiven Glamping Zelten im Papafigo Camping Istrien.\" \/>\n<meta property=\"og:url\" content=\"https:\/\/papafigo.hr\/de\/glamping-satori\/\" \/>\n<meta property=\"article:publisher\" content=\"https:\/\/www.facebook.com\/PapafigoCamping\/\" \/>\n<meta property=\"article:modified_time\" content=\"2026-01-22T15:30:58+00:00\" \/>\n<meta name=\"twitter:card\" content=\"summary_large_image\" \/>\n<script type=\"application\/ld+json\" class=\"yoast-schema-graph\">{\"@context\":\"https:\/\/schema.org\",\"@graph\":[{\"@type\":\"WebPage\",\"@id\":\"https:\/\/papafigo.hr\/de\/glamping-satori\/\",\"url\":\"https:\/\/papafigo.hr\/de\/glamping-satori\/\",\"name\":\"Glamping Zelte | Papafigo Camping Istrien\",\"isPartOf\":{\"@id\":\"https:\/\/papafigo.hr\/#website\"},\"datePublished\":\"2024-06-19T06:06:02+00:00\",\"dateModified\":\"2026-01-22T15:30:58+00:00\",\"description\":\"Erleben Sie einen luxuri\u00f6sen Urlaub in der Natur mit unseren exklusiven Glamping Zelten im Papafigo Camping Istrien.\",\"breadcrumb\":{\"@id\":\"https:\/\/papafigo.hr\/de\/glamping-satori\/#breadcrumb\"},\"inLanguage\":\"de-DE\",\"potentialAction\":[{\"@type\":\"ReadAction\",\"target\":[\"https:\/\/papafigo.hr\/de\/glamping-satori\/\"]}]},{\"@type\":\"BreadcrumbList\",\"@id\":\"https:\/\/papafigo.hr\/de\/glamping-satori\/#breadcrumb\",\"itemListElement\":[{\"@type\":\"ListItem\",\"position\":1,\"name\":\"Home\",\"item\":\"https:\/\/papafigo.hr\/it\/\"},{\"@type\":\"ListItem\",\"position\":2,\"name\":\"Glamping Tents\"}]},{\"@type\":\"WebSite\",\"@id\":\"https:\/\/papafigo.hr\/#website\",\"url\":\"https:\/\/papafigo.hr\/\",\"name\":\"Papafigo Camping\",\"description\":\"\",\"potentialAction\":[{\"@type\":\"SearchAction\",\"target\":{\"@type\":\"EntryPoint\",\"urlTemplate\":\"https:\/\/papafigo.hr\/?s={search_term_string}\"},\"query-input\":{\"@type\":\"PropertyValueSpecification\",\"valueRequired\":true,\"valueName\":\"search_term_string\"}}],\"inLanguage\":\"de-DE\"}]}<\/script>\n<!-- \/ Yoast SEO Premium plugin. -->","yoast_head_json":{"title":"Glamping Zelte | Papafigo Camping Istrien","description":"Erleben Sie einen luxuri\u00f6sen Urlaub in der Natur mit unseren exklusiven Glamping Zelten im Papafigo Camping Istrien.","robots":{"index":"index","follow":"follow","max-snippet":"max-snippet:-1","max-image-preview":"max-image-preview:large","max-video-preview":"max-video-preview:-1"},"canonical":"https:\/\/papafigo.hr\/de\/glamping-satori\/","og_locale":"de_DE","og_type":"article","og_title":"[:en]Glamping Tents[:hr]Glamping Tents[:it]Glamping Tents[:]","og_description":"[:en]Experience a luxurious vacation in nature with our exclusive glamping tents Papafigo Camping Istria.[:hr]Do\u017eivite luksuzni odmor u prirodi s na\u0161im ekskluzivnim glamping \u0161atorima u Papafigo Camping Istra.[:de]Erleben Sie einen luxuri\u00f6sen Urlaub in der Natur mit unseren exklusiven Glamping Zelten im Papafigo Camping Istrien.[:it]Vivi una vacanza di lusso nella natura con le nostre esclusive tende glamping Papafigo Camping Istria.[:]","og_url":"https:\/\/papafigo.hr\/de\/glamping-satori\/","article_publisher":"https:\/\/www.facebook.com\/PapafigoCamping\/","article_modified_time":"2026-01-22T15:30:58+00:00","twitter_card":"summary_large_image","schema":{"@context":"https:\/\/schema.org","@graph":[{"@type":"WebPage","@id":"https:\/\/papafigo.hr\/de\/glamping-satori\/","url":"https:\/\/papafigo.hr\/de\/glamping-satori\/","name":"Glamping Zelte | Papafigo Camping Istrien","isPartOf":{"@id":"https:\/\/papafigo.hr\/#website"},"datePublished":"2024-06-19T06:06:02+00:00","dateModified":"2026-01-22T15:30:58+00:00","description":"Erleben Sie einen luxuri\u00f6sen Urlaub in der Natur mit unseren exklusiven Glamping Zelten im Papafigo Camping Istrien.","breadcrumb":{"@id":"https:\/\/papafigo.hr\/de\/glamping-satori\/#breadcrumb"},"inLanguage":"de-DE","potentialAction":[{"@type":"ReadAction","target":["https:\/\/papafigo.hr\/de\/glamping-satori\/"]}]},{"@type":"BreadcrumbList","@id":"https:\/\/papafigo.hr\/de\/glamping-satori\/#breadcrumb","itemListElement":[{"@type":"ListItem","position":1,"name":"Home","item":"https:\/\/papafigo.hr\/it\/"},{"@type":"ListItem","position":2,"name":"Glamping Tents"}]},{"@type":"WebSite","@id":"https:\/\/papafigo.hr\/#website","url":"https:\/\/papafigo.hr\/","name":"Papafigo Camping","description":"","potentialAction":[{"@type":"SearchAction","target":{"@type":"EntryPoint","urlTemplate":"https:\/\/papafigo.hr\/?s={search_term_string}"},"query-input":{"@type":"PropertyValueSpecification","valueRequired":true,"valueName":"search_term_string"}}],"inLanguage":"de-DE"}]}},"_links":{"self":[{"href":"https:\/\/papafigo.hr\/de\/wp-json\/wp\/v2\/pages\/751","targetHints":{"allow":["GET"]}}],"collection":[{"href":"https:\/\/papafigo.hr\/de\/wp-json\/wp\/v2\/pages"}],"about":[{"href":"https:\/\/papafigo.hr\/de\/wp-json\/wp\/v2\/types\/page"}],"author":[{"embeddable":true,"href":"https:\/\/papafigo.hr\/de\/wp-json\/wp\/v2\/users\/1"}],"replies":[{"embeddable":true,"href":"https:\/\/papafigo.hr\/de\/wp-json\/wp\/v2\/comments?post=751"}],"version-history":[{"count":127,"href":"https:\/\/papafigo.hr\/de\/wp-json\/wp\/v2\/pages\/751\/revisions"}],"predecessor-version":[{"id":3738,"href":"https:\/\/papafigo.hr\/de\/wp-json\/wp\/v2\/pages\/751\/revisions\/3738"}],"wp:attachment":[{"href":"https:\/\/papafigo.hr\/de\/wp-json\/wp\/v2\/media?parent=751"}],"curies":[{"name":"wp","href":"https:\/\/api.w.org\/{rel}","templated":true}]}}