{"id":3717,"date":"2025-11-19T16:20:07","date_gmt":"2025-11-19T15:20:07","guid":{"rendered":"https:\/\/papafigo.hr\/?page_id=3717"},"modified":"2025-11-19T16:23:54","modified_gmt":"2025-11-19T15:23:54","slug":"vaucer-za-digitalni-marketing-2","status":"publish","type":"page","link":"https:\/\/papafigo.hr\/de\/vaucer-za-digitalni-marketing-2\/","title":{"rendered":"Vau\u010der za digitalni marketing"},"content":{"rendered":"\n<p><strong>Vau\u010der za digitalni marketing OPG Morena Derossi Bur\u0161i\u0107 Fa\u017eana<\/strong><\/p>\n\n\n\n<p>(Referentni broj: NPOO.C1.1.2. R3-I2.01)<br>&nbsp;<br>&nbsp;<strong>Prijavitelj:<\/strong>&nbsp;OPG Morena Derossi Bur\u0161i\u0107<br>&nbsp;<\/p>\n\n\n\n<p><strong>Kod projekta:<\/strong>&nbsp;NPOO.C1.1.2.R3-I2.01-V11.0653<br>&nbsp;<\/p>\n\n\n\n<p><strong>Naziv projekta:<\/strong>&nbsp;Vau\u010der za digitalni marketing OPG Morena Derossi Bur\u0161i\u0107 Fa\u017eana<\/p>\n\n\n\n<p><strong>Naziv poziva:<\/strong>&nbsp;VAU\u010cERI ZA DIGITALIZACIJU<\/p>\n\n\n\n<p><br>&nbsp;Projektom se \u017eeli postoje\u0107u poslovnu web stranicu <a href=\"http:\/\/www.papafigo.hr\"><u>www.papafigo.hr<\/u><\/a>&nbsp; unaprijediti za&nbsp;segment ugostiteljstva za djelatnost izleti\u0161ta (restoran) sa novim funkcionalnostima (prilagodba weba za pregled na razli\u010ditim digitalnim ure\u0111ajima, poveznica na dru\u0161tvene mre\u017ee, integracija kontakt forme). Time se dobiva na preglednosti i upotrebljivosti weba, pobolj\u0161ava se internetska komunikacija i web analitika, \u010dime \u0107e se posti\u0107i ve\u0107a posje\u0107enost i prepoznatljivost web stranice, koja \u0107e biti usmjerena na me\u0111usobnoj interaktivnosti gostiju i korisnika. Time \u0107e se pove\u0107ati vidljivost poslovne web stranice, \u010dime \u0107e se pove\u0107ati zadovoljstvo gostiju, a sukladno tome i pove\u0107ati prihodi OPG Morena Derossi Bur\u0161i\u0107.<\/p>\n\n\n\n<p><br>&nbsp;<strong>Ukupna vrijednost projekta: &nbsp;&nbsp;8<\/strong><strong>.<\/strong><strong>125<\/strong><strong>,<\/strong><strong>0<\/strong><strong>0 EUR<\/strong><\/p>\n\n\n\n<p><strong>Iznos prihvatljivih tro\u0161kova : &nbsp;&nbsp;<\/strong><strong>6<\/strong><strong>.5<\/strong><strong>0<\/strong><strong>0,00&nbsp;EUR<\/strong><\/p>\n\n\n\n<p><strong>Intenzitet potpore 5<\/strong><strong>0% prihvatljivih tro\u0161kova projekta: &nbsp;3.<\/strong><strong>250<\/strong><strong>,00 EUR&nbsp;(de minimis potpora)<\/strong><strong>.<\/strong><\/p>\n\n\n\n<figure class=\"wp-block-image size-full\"><img loading=\"lazy\" decoding=\"async\" width=\"1020\" height=\"245\" src=\"https:\/\/papafigo.hr\/wp-content\/uploads\/2025\/11\/image-1.png\" alt=\"\" class=\"wp-image-3718\" srcset=\"https:\/\/papafigo.hr\/wp-content\/uploads\/2025\/11\/image-1.png 1020w, https:\/\/papafigo.hr\/wp-content\/uploads\/2025\/11\/image-1-300x72.png 300w, https:\/\/papafigo.hr\/wp-content\/uploads\/2025\/11\/image-1-768x184.png 768w\" sizes=\"auto, (max-width: 1020px) 100vw, 1020px\" \/><\/figure>\n\n\n\n<p>Financira Europska unija \u2013 NextGenerationEU. Izneseni stavovi i mi\u0161ljenja samo su autorova i ne&nbsp;odra\u017eavaju nu\u017eno slu\u017ebena stajali\u0161ta Europske unije ili Europske komisije.&nbsp;Ni Europska unija ni&nbsp;Europska komisija ne mogu se smatrati odgovornima za njih.<\/p>\n","protected":false},"excerpt":{"rendered":"Vau\u010der za digitalni marketing OPG Morena Derossi Bur\u0161i\u0107 Fa\u017eana (Referentni broj: NPOO.C1.1.2. R3-I2.01)&nbsp;&nbsp;Prijavitelj:&nbsp;OPG Morena Derossi Bur\u0161i\u0107&nbsp; Kod projekta:&nbsp;NPOO.C1.1.2.R3-I2.01-V11.0653&nbsp; Naziv projekta:&nbsp;Vau\u010der za digitalni marketing OPG Morena Derossi Bur\u0161i\u0107 Fa\u017eana Naziv poziva:&nbsp;VAU\u010cERI ZA DIGITALIZACIJU &nbsp;Projektom se \u017eeli postoje\u0107u poslovnu web stranicu www.papafigo.hr&nbsp; unaprijediti za&nbsp;segment ugostiteljstva za djelatnost izleti\u0161ta (restoran) sa novim funkcionalnostima (prilagodba weba za pregled na<a class=\"more-link\" href=\"https:\/\/papafigo.hr\/de\/vaucer-za-digitalni-marketing-2\/\"><span class=\"screen-reader-text\">&#8222;Vau\u010der za digitalni marketing&#8220;<\/span> weiterlesen<\/a>","protected":false},"author":4,"featured_media":2598,"parent":0,"menu_order":0,"comment_status":"closed","ping_status":"closed","template":"","meta":{"_acf_changed":false,"footnotes":""},"class_list":["post-3717","page","type-page","status-publish","has-post-thumbnail","hentry","entry"],"acf":[],"yoast_head":"<!-- This site is optimized with the Yoast SEO Premium plugin v21.7 (Yoast SEO v26.6) - https:\/\/yoast.com\/wordpress\/plugins\/seo\/ -->\n<title>Vau\u010der za digitalni marketing<\/title>\n<meta name=\"robots\" content=\"index, follow, max-snippet:-1, max-image-preview:large, max-video-preview:-1\" \/>\n<link rel=\"canonical\" href=\"https:\/\/papafigo.hr\/de\/vaucer-za-digitalni-marketing-2\/\" \/>\n<meta property=\"og:locale\" content=\"de_DE\" \/>\n<meta property=\"og:locale:alternate\" content=\"en_US\" \/>\n<meta property=\"og:locale:alternate\" content=\"hr_HR\" \/>\n<meta property=\"og:locale:alternate\" content=\"it-IT\" \/>\n<meta property=\"og:type\" content=\"article\" \/>\n<meta property=\"og:title\" content=\"Vau\u010der za digitalni marketing\" \/>\n<meta property=\"og:description\" content=\"Vau\u010der za digitalni marketing OPG Morena Derossi Bur\u0161i\u0107 Fa\u017eana (Referentni broj: NPOO.C1.1.2. R3-I2.01)&nbsp;&nbsp;Prijavitelj:&nbsp;OPG Morena Derossi Bur\u0161i\u0107&nbsp; Kod projekta:&nbsp;NPOO.C1.1.2.R3-I2.01-V11.0653&nbsp; Naziv projekta:&nbsp;Vau\u010der za digitalni marketing OPG Morena Derossi Bur\u0161i\u0107 Fa\u017eana Naziv poziva:&nbsp;VAU\u010cERI ZA DIGITALIZACIJU &nbsp;Projektom se \u017eeli postoje\u0107u poslovnu web stranicu www.papafigo.hr&nbsp; unaprijediti za&nbsp;segment ugostiteljstva za djelatnost izleti\u0161ta (restoran) sa novim funkcionalnostima (prilagodba weba za pregled na&quot;Vau\u010der za digitalni marketing&quot; weiterlesen\" \/>\n<meta property=\"og:url\" content=\"https:\/\/papafigo.hr\/de\/vaucer-za-digitalni-marketing-2\/\" \/>\n<meta property=\"article:publisher\" content=\"https:\/\/www.facebook.com\/PapafigoCamping\/\" \/>\n<meta property=\"article:modified_time\" content=\"2025-11-19T15:23:54+00:00\" \/>\n<meta property=\"og:image\" content=\"https:\/\/papafigo.hr\/wp-content\/uploads\/2024\/08\/Parcele-slider-1.webp\" \/>\n\t<meta property=\"og:image:width\" content=\"1920\" \/>\n\t<meta property=\"og:image:height\" content=\"1080\" \/>\n\t<meta property=\"og:image:type\" content=\"image\/webp\" \/>\n<meta name=\"twitter:card\" content=\"summary_large_image\" \/>\n<meta name=\"twitter:label1\" content=\"Gesch\u00e4tzte Lesezeit\" \/>\n\t<meta name=\"twitter:data1\" content=\"2\u00a0Minuten\" \/>\n<script type=\"application\/ld+json\" class=\"yoast-schema-graph\">{\"@context\":\"https:\/\/schema.org\",\"@graph\":[{\"@type\":\"WebPage\",\"@id\":\"https:\/\/papafigo.hr\/vaucer-za-digitalni-marketing-2\/\",\"url\":\"https:\/\/papafigo.hr\/vaucer-za-digitalni-marketing-2\/\",\"name\":\"Vau\u010der za digitalni marketing\",\"isPartOf\":{\"@id\":\"https:\/\/papafigo.hr\/#website\"},\"primaryImageOfPage\":{\"@id\":\"https:\/\/papafigo.hr\/vaucer-za-digitalni-marketing-2\/#primaryimage\"},\"image\":{\"@id\":\"https:\/\/papafigo.hr\/vaucer-za-digitalni-marketing-2\/#primaryimage\"},\"thumbnailUrl\":\"https:\/\/papafigo.hr\/wp-content\/uploads\/2024\/08\/Parcele-slider-1.webp\",\"datePublished\":\"2025-11-19T15:20:07+00:00\",\"dateModified\":\"2025-11-19T15:23:54+00:00\",\"breadcrumb\":{\"@id\":\"https:\/\/papafigo.hr\/vaucer-za-digitalni-marketing-2\/#breadcrumb\"},\"inLanguage\":\"de-DE\",\"potentialAction\":[{\"@type\":\"ReadAction\",\"target\":[\"https:\/\/papafigo.hr\/vaucer-za-digitalni-marketing-2\/\"]}]},{\"@type\":\"ImageObject\",\"inLanguage\":\"de-DE\",\"@id\":\"https:\/\/papafigo.hr\/vaucer-za-digitalni-marketing-2\/#primaryimage\",\"url\":\"https:\/\/papafigo.hr\/wp-content\/uploads\/2024\/08\/Parcele-slider-1.webp\",\"contentUrl\":\"https:\/\/papafigo.hr\/wp-content\/uploads\/2024\/08\/Parcele-slider-1.webp\",\"width\":1920,\"height\":1080},{\"@type\":\"BreadcrumbList\",\"@id\":\"https:\/\/papafigo.hr\/vaucer-za-digitalni-marketing-2\/#breadcrumb\",\"itemListElement\":[{\"@type\":\"ListItem\",\"position\":1,\"name\":\"Home\",\"item\":\"https:\/\/papafigo.hr\/it\/\"},{\"@type\":\"ListItem\",\"position\":2,\"name\":\"Vau\u010der za digitalni marketing\"}]},{\"@type\":\"WebSite\",\"@id\":\"https:\/\/papafigo.hr\/#website\",\"url\":\"https:\/\/papafigo.hr\/\",\"name\":\"Papafigo Camping\",\"description\":\"\",\"potentialAction\":[{\"@type\":\"SearchAction\",\"target\":{\"@type\":\"EntryPoint\",\"urlTemplate\":\"https:\/\/papafigo.hr\/?s={search_term_string}\"},\"query-input\":{\"@type\":\"PropertyValueSpecification\",\"valueRequired\":true,\"valueName\":\"search_term_string\"}}],\"inLanguage\":\"de-DE\"}]}<\/script>\n<!-- \/ Yoast SEO Premium plugin. -->","yoast_head_json":{"title":"Vau\u010der za digitalni marketing","robots":{"index":"index","follow":"follow","max-snippet":"max-snippet:-1","max-image-preview":"max-image-preview:large","max-video-preview":"max-video-preview:-1"},"canonical":"https:\/\/papafigo.hr\/de\/vaucer-za-digitalni-marketing-2\/","og_locale":"de_DE","og_type":"article","og_title":"[:hr]Vau\u010der za digitalni marketing[:]","og_description":"Vau\u010der za digitalni marketing OPG Morena Derossi Bur\u0161i\u0107 Fa\u017eana (Referentni broj: NPOO.C1.1.2. R3-I2.01)&nbsp;&nbsp;Prijavitelj:&nbsp;OPG Morena Derossi Bur\u0161i\u0107&nbsp; Kod projekta:&nbsp;NPOO.C1.1.2.R3-I2.01-V11.0653&nbsp; Naziv projekta:&nbsp;Vau\u010der za digitalni marketing OPG Morena Derossi Bur\u0161i\u0107 Fa\u017eana Naziv poziva:&nbsp;VAU\u010cERI ZA DIGITALIZACIJU &nbsp;Projektom se \u017eeli postoje\u0107u poslovnu web stranicu www.papafigo.hr&nbsp; unaprijediti za&nbsp;segment ugostiteljstva za djelatnost izleti\u0161ta (restoran) sa novim funkcionalnostima (prilagodba weba za pregled na\"Vau\u010der za digitalni marketing\" weiterlesen","og_url":"https:\/\/papafigo.hr\/de\/vaucer-za-digitalni-marketing-2\/","article_publisher":"https:\/\/www.facebook.com\/PapafigoCamping\/","article_modified_time":"2025-11-19T15:23:54+00:00","og_image":[{"width":1920,"height":1080,"url":"https:\/\/papafigo.hr\/wp-content\/uploads\/2024\/08\/Parcele-slider-1.webp","type":"image\/webp"}],"twitter_card":"summary_large_image","twitter_misc":{"Gesch\u00e4tzte Lesezeit":"2\u00a0Minuten"},"schema":{"@context":"https:\/\/schema.org","@graph":[{"@type":"WebPage","@id":"https:\/\/papafigo.hr\/vaucer-za-digitalni-marketing-2\/","url":"https:\/\/papafigo.hr\/vaucer-za-digitalni-marketing-2\/","name":"Vau\u010der za digitalni marketing","isPartOf":{"@id":"https:\/\/papafigo.hr\/#website"},"primaryImageOfPage":{"@id":"https:\/\/papafigo.hr\/vaucer-za-digitalni-marketing-2\/#primaryimage"},"image":{"@id":"https:\/\/papafigo.hr\/vaucer-za-digitalni-marketing-2\/#primaryimage"},"thumbnailUrl":"https:\/\/papafigo.hr\/wp-content\/uploads\/2024\/08\/Parcele-slider-1.webp","datePublished":"2025-11-19T15:20:07+00:00","dateModified":"2025-11-19T15:23:54+00:00","breadcrumb":{"@id":"https:\/\/papafigo.hr\/vaucer-za-digitalni-marketing-2\/#breadcrumb"},"inLanguage":"de-DE","potentialAction":[{"@type":"ReadAction","target":["https:\/\/papafigo.hr\/vaucer-za-digitalni-marketing-2\/"]}]},{"@type":"ImageObject","inLanguage":"de-DE","@id":"https:\/\/papafigo.hr\/vaucer-za-digitalni-marketing-2\/#primaryimage","url":"https:\/\/papafigo.hr\/wp-content\/uploads\/2024\/08\/Parcele-slider-1.webp","contentUrl":"https:\/\/papafigo.hr\/wp-content\/uploads\/2024\/08\/Parcele-slider-1.webp","width":1920,"height":1080},{"@type":"BreadcrumbList","@id":"https:\/\/papafigo.hr\/vaucer-za-digitalni-marketing-2\/#breadcrumb","itemListElement":[{"@type":"ListItem","position":1,"name":"Home","item":"https:\/\/papafigo.hr\/it\/"},{"@type":"ListItem","position":2,"name":"Vau\u010der za digitalni marketing"}]},{"@type":"WebSite","@id":"https:\/\/papafigo.hr\/#website","url":"https:\/\/papafigo.hr\/","name":"Papafigo Camping","description":"","potentialAction":[{"@type":"SearchAction","target":{"@type":"EntryPoint","urlTemplate":"https:\/\/papafigo.hr\/?s={search_term_string}"},"query-input":{"@type":"PropertyValueSpecification","valueRequired":true,"valueName":"search_term_string"}}],"inLanguage":"de-DE"}]}},"_links":{"self":[{"href":"https:\/\/papafigo.hr\/de\/wp-json\/wp\/v2\/pages\/3717","targetHints":{"allow":["GET"]}}],"collection":[{"href":"https:\/\/papafigo.hr\/de\/wp-json\/wp\/v2\/pages"}],"about":[{"href":"https:\/\/papafigo.hr\/de\/wp-json\/wp\/v2\/types\/page"}],"author":[{"embeddable":true,"href":"https:\/\/papafigo.hr\/de\/wp-json\/wp\/v2\/users\/4"}],"replies":[{"embeddable":true,"href":"https:\/\/papafigo.hr\/de\/wp-json\/wp\/v2\/comments?post=3717"}],"version-history":[{"count":1,"href":"https:\/\/papafigo.hr\/de\/wp-json\/wp\/v2\/pages\/3717\/revisions"}],"predecessor-version":[{"id":3719,"href":"https:\/\/papafigo.hr\/de\/wp-json\/wp\/v2\/pages\/3717\/revisions\/3719"}],"wp:featuredmedia":[{"embeddable":true,"href":"https:\/\/papafigo.hr\/de\/wp-json\/wp\/v2\/media\/2598"}],"wp:attachment":[{"href":"https:\/\/papafigo.hr\/de\/wp-json\/wp\/v2\/media?parent=3717"}],"curies":[{"name":"wp","href":"https:\/\/api.w.org\/{rel}","templated":true}]}}