{"id":3694,"date":"2025-11-05T11:19:46","date_gmt":"2025-11-05T10:19:46","guid":{"rendered":"https:\/\/papafigo.hr\/?page_id=3694"},"modified":"2026-01-22T09:53:55","modified_gmt":"2026-01-22T08:53:55","slug":"booking","status":"publish","type":"page","link":"https:\/\/papafigo.hr\/de\/booking\/","title":{"rendered":""},"content":{"rendered":"<div\r\n  id=\"bookingEngine\"\r\n  data-api_url=\"https:\/\/papafigo.api.kiosk-new.hiswen.com\/\"\r\n  data-hide_language_picker=\"true\"\r\n\tdata-show_card_logos='[\"wspay\", \"mastercard\", \"maestro\", \"mastercard-identity-check\", \"visa\", \"visa-secure\"]'\r\n><\/div>\r\n\r\n<script\r\n  id=\"swenScript\"\r\n  type=\"module\"\r\n  crossorigin\r\n  src=\"https:\/\/papafigo.booking.hiswen.com\/assets\/index.js\"\r\n><\/script>\r\n\r\n<link\r\n  id=\"swenStyle\"\r\n  rel=\"stylesheet\"\r\n  href=\"https:\/\/papafigo.booking.hiswen.com\/assets\/index.css\"\r\n\/>\r\n\n\n\n\n<p><\/p>\n","protected":false},"excerpt":{"rendered":"","protected":false},"author":3,"featured_media":0,"parent":0,"menu_order":0,"comment_status":"closed","ping_status":"closed","template":"","meta":{"_acf_changed":false,"footnotes":""},"class_list":["post-3694","page","type-page","status-publish","hentry","entry"],"acf":[],"yoast_head":"<!-- This site is optimized with the Yoast SEO Premium plugin v21.7 (Yoast SEO v26.6) - https:\/\/yoast.com\/wordpress\/plugins\/seo\/ -->\n<title>Booking | Papafigo Camping<\/title>\n<meta name=\"description\" content=\"Papafigo Camping je obiteljski kamp smje\u0161ten u prirodnoj oazi mira u Istri. Nudimo jedinstven do\u017eivljaj kampiranja uz vrhunsku udobnost, moderan smje\u0161taj i brojne sadr\u017eaje za cijelu obitelj. Do\u017eivite autenti\u010dnu prirodu, lokalne delicije i opu\u0161taju\u0107i odmor u srcu Istre.\" \/>\n<meta name=\"robots\" content=\"index, follow, max-snippet:-1, max-image-preview:large, max-video-preview:-1\" \/>\n<link rel=\"canonical\" href=\"https:\/\/papafigo.hr\/de\/booking\/\" \/>\n<meta property=\"og:locale\" content=\"de_DE\" \/>\n<meta property=\"og:locale:alternate\" content=\"en_US\" \/>\n<meta property=\"og:locale:alternate\" content=\"hr_HR\" \/>\n<meta property=\"og:locale:alternate\" content=\"it-IT\" \/>\n<meta property=\"og:type\" content=\"article\" \/>\n<meta property=\"og:description\" content=\"Papafigo Camping je obiteljski kamp smje\u0161ten u prirodnoj oazi mira u Istri. Nudimo jedinstven do\u017eivljaj kampiranja uz vrhunsku udobnost, moderan smje\u0161taj i brojne sadr\u017eaje za cijelu obitelj. Do\u017eivite autenti\u010dnu prirodu, lokalne delicije i opu\u0161taju\u0107i odmor u srcu Istre.\" \/>\n<meta property=\"og:url\" content=\"https:\/\/papafigo.hr\/de\/booking\/\" \/>\n<meta property=\"article:publisher\" content=\"https:\/\/www.facebook.com\/PapafigoCamping\/\" \/>\n<meta property=\"article:modified_time\" content=\"2026-01-22T08:53:55+00:00\" \/>\n<meta name=\"twitter:card\" content=\"summary_large_image\" \/>\n<meta name=\"twitter:label1\" content=\"Gesch\u00e4tzte Lesezeit\" \/>\n\t<meta name=\"twitter:data1\" content=\"1\u00a0Minute\" \/>\n<script type=\"application\/ld+json\" class=\"yoast-schema-graph\">{\"@context\":\"https:\/\/schema.org\",\"@graph\":[{\"@type\":\"WebPage\",\"@id\":\"https:\/\/papafigo.hr\/booking\/\",\"url\":\"https:\/\/papafigo.hr\/booking\/\",\"name\":\"Booking | Papafigo Camping\",\"isPartOf\":{\"@id\":\"https:\/\/papafigo.hr\/#website\"},\"datePublished\":\"2025-11-05T10:19:46+00:00\",\"dateModified\":\"2026-01-22T08:53:55+00:00\",\"description\":\"Papafigo Camping je obiteljski kamp smje\u0161ten u prirodnoj oazi mira u Istri. Nudimo jedinstven do\u017eivljaj kampiranja uz vrhunsku udobnost, moderan smje\u0161taj i brojne sadr\u017eaje za cijelu obitelj. Do\u017eivite autenti\u010dnu prirodu, lokalne delicije i opu\u0161taju\u0107i odmor u srcu Istre.\",\"inLanguage\":\"de-DE\",\"potentialAction\":[{\"@type\":\"ReadAction\",\"target\":[\"https:\/\/papafigo.hr\/booking\/\"]}]},{\"@type\":\"WebSite\",\"@id\":\"https:\/\/papafigo.hr\/#website\",\"url\":\"https:\/\/papafigo.hr\/\",\"name\":\"Papafigo Camping\",\"description\":\"\",\"potentialAction\":[{\"@type\":\"SearchAction\",\"target\":{\"@type\":\"EntryPoint\",\"urlTemplate\":\"https:\/\/papafigo.hr\/?s={search_term_string}\"},\"query-input\":{\"@type\":\"PropertyValueSpecification\",\"valueRequired\":true,\"valueName\":\"search_term_string\"}}],\"inLanguage\":\"de-DE\"}]}<\/script>\n<!-- \/ Yoast SEO Premium plugin. -->","yoast_head_json":{"title":"Booking | Papafigo Camping","description":"Papafigo Camping je obiteljski kamp smje\u0161ten u prirodnoj oazi mira u Istri. Nudimo jedinstven do\u017eivljaj kampiranja uz vrhunsku udobnost, moderan smje\u0161taj i brojne sadr\u017eaje za cijelu obitelj. Do\u017eivite autenti\u010dnu prirodu, lokalne delicije i opu\u0161taju\u0107i odmor u srcu Istre.","robots":{"index":"index","follow":"follow","max-snippet":"max-snippet:-1","max-image-preview":"max-image-preview:large","max-video-preview":"max-video-preview:-1"},"canonical":"https:\/\/papafigo.hr\/de\/booking\/","og_locale":"de_DE","og_type":"article","og_description":"[:hr]Papafigo Camping je obiteljski kamp smje\u0161ten u prirodnoj oazi mira u Istri. Nudimo jedinstven do\u017eivljaj kampiranja uz vrhunsku udobnost, moderan smje\u0161taj i brojne sadr\u017eaje za cijelu obitelj. Do\u017eivite autenti\u010dnu prirodu, lokalne delicije i opu\u0161taju\u0107i odmor u srcu Istre.[:]","og_url":"https:\/\/papafigo.hr\/de\/booking\/","article_publisher":"https:\/\/www.facebook.com\/PapafigoCamping\/","article_modified_time":"2026-01-22T08:53:55+00:00","twitter_card":"summary_large_image","twitter_misc":{"Gesch\u00e4tzte Lesezeit":"1\u00a0Minute"},"schema":{"@context":"https:\/\/schema.org","@graph":[{"@type":"WebPage","@id":"https:\/\/papafigo.hr\/booking\/","url":"https:\/\/papafigo.hr\/booking\/","name":"Booking | Papafigo Camping","isPartOf":{"@id":"https:\/\/papafigo.hr\/#website"},"datePublished":"2025-11-05T10:19:46+00:00","dateModified":"2026-01-22T08:53:55+00:00","description":"Papafigo Camping je obiteljski kamp smje\u0161ten u prirodnoj oazi mira u Istri. Nudimo jedinstven do\u017eivljaj kampiranja uz vrhunsku udobnost, moderan smje\u0161taj i brojne sadr\u017eaje za cijelu obitelj. Do\u017eivite autenti\u010dnu prirodu, lokalne delicije i opu\u0161taju\u0107i odmor u srcu Istre.","inLanguage":"de-DE","potentialAction":[{"@type":"ReadAction","target":["https:\/\/papafigo.hr\/booking\/"]}]},{"@type":"WebSite","@id":"https:\/\/papafigo.hr\/#website","url":"https:\/\/papafigo.hr\/","name":"Papafigo Camping","description":"","potentialAction":[{"@type":"SearchAction","target":{"@type":"EntryPoint","urlTemplate":"https:\/\/papafigo.hr\/?s={search_term_string}"},"query-input":{"@type":"PropertyValueSpecification","valueRequired":true,"valueName":"search_term_string"}}],"inLanguage":"de-DE"}]}},"_links":{"self":[{"href":"https:\/\/papafigo.hr\/de\/wp-json\/wp\/v2\/pages\/3694","targetHints":{"allow":["GET"]}}],"collection":[{"href":"https:\/\/papafigo.hr\/de\/wp-json\/wp\/v2\/pages"}],"about":[{"href":"https:\/\/papafigo.hr\/de\/wp-json\/wp\/v2\/types\/page"}],"author":[{"embeddable":true,"href":"https:\/\/papafigo.hr\/de\/wp-json\/wp\/v2\/users\/3"}],"replies":[{"embeddable":true,"href":"https:\/\/papafigo.hr\/de\/wp-json\/wp\/v2\/comments?post=3694"}],"version-history":[{"count":11,"href":"https:\/\/papafigo.hr\/de\/wp-json\/wp\/v2\/pages\/3694\/revisions"}],"predecessor-version":[{"id":3727,"href":"https:\/\/papafigo.hr\/de\/wp-json\/wp\/v2\/pages\/3694\/revisions\/3727"}],"wp:attachment":[{"href":"https:\/\/papafigo.hr\/de\/wp-json\/wp\/v2\/media?parent=3694"}],"curies":[{"name":"wp","href":"https:\/\/api.w.org\/{rel}","templated":true}]}}