{"id":1996,"date":"2024-07-04T04:27:21","date_gmt":"2024-07-04T03:27:21","guid":{"rendered":"https:\/\/www.bayer-computers.com\/?page_id=1996"},"modified":"2024-10-29T14:45:56","modified_gmt":"2024-10-29T13:45:56","slug":"izleti","status":"publish","type":"page","link":"https:\/\/papafigo.hr\/de\/izleti\/","title":{"rendered":"Ausfl\u00fcge"},"content":{"rendered":"","protected":false},"excerpt":{"rendered":"","protected":false},"author":1,"featured_media":0,"parent":0,"menu_order":0,"comment_status":"closed","ping_status":"closed","template":"custom-additional-service-template.php","meta":{"_acf_changed":false,"footnotes":""},"class_list":["post-1996","page","type-page","status-publish","hentry","entry"],"acf":[],"yoast_head":"<!-- This site is optimized with the Yoast SEO Premium plugin v21.7 (Yoast SEO v26.6) - https:\/\/yoast.com\/wordpress\/plugins\/seo\/ -->\n<title>Izleti | Papafigo Camping<\/title>\n<meta name=\"description\" content=\"Papafigo Camping Ausfl\u00fcge bieten unvergessliche Momente mit dem Schnellboot durch Istrien. Erkunden Sie die wundersch\u00f6ne K\u00fcste Istriens!\" \/>\n<meta name=\"robots\" content=\"index, follow, max-snippet:-1, max-image-preview:large, max-video-preview:-1\" \/>\n<link rel=\"canonical\" href=\"https:\/\/papafigo.hr\/de\/izleti\/\" \/>\n<meta property=\"og:locale\" content=\"de_DE\" \/>\n<meta property=\"og:locale:alternate\" content=\"en_US\" \/>\n<meta property=\"og:locale:alternate\" content=\"hr_HR\" \/>\n<meta property=\"og:locale:alternate\" content=\"it-IT\" \/>\n<meta property=\"og:type\" content=\"article\" \/>\n<meta property=\"og:title\" content=\"Ausfl\u00fcge\" \/>\n<meta property=\"og:description\" content=\"Papafigo Camping nudi nezaboravne izlete po Istri s gliserom. Istra\u017eite prekrasnu obalu, skrivene uvale i netaknutu prirodu, te u\u017eivajte u morskim avanturama uz na\u0161e organizirane ture.\" \/>\n<meta property=\"og:url\" content=\"https:\/\/papafigo.hr\/de\/izleti\/\" \/>\n<meta property=\"article:publisher\" content=\"https:\/\/www.facebook.com\/PapafigoCamping\/\" \/>\n<meta property=\"article:modified_time\" content=\"2024-10-29T13:45:56+00:00\" \/>\n<meta name=\"twitter:card\" content=\"summary_large_image\" \/>\n<script type=\"application\/ld+json\" class=\"yoast-schema-graph\">{\"@context\":\"https:\/\/schema.org\",\"@graph\":[{\"@type\":\"WebPage\",\"@id\":\"https:\/\/papafigo.hr\/izleti\/\",\"url\":\"https:\/\/papafigo.hr\/izleti\/\",\"name\":\"Izleti | Papafigo Camping\",\"isPartOf\":{\"@id\":\"https:\/\/papafigo.hr\/#website\"},\"datePublished\":\"2024-07-04T03:27:21+00:00\",\"dateModified\":\"2024-10-29T13:45:56+00:00\",\"description\":\"Papafigo Camping nudi nezaboravne izlete po Istri s gliserom. Istra\u017eite prekrasnu obalu, skrivene uvale i netaknutu prirodu, te u\u017eivajte u morskim avanturama uz na\u0161e organizirane ture.\",\"breadcrumb\":{\"@id\":\"https:\/\/papafigo.hr\/izleti\/#breadcrumb\"},\"inLanguage\":\"de-DE\",\"potentialAction\":[{\"@type\":\"ReadAction\",\"target\":[\"https:\/\/papafigo.hr\/izleti\/\"]}]},{\"@type\":\"BreadcrumbList\",\"@id\":\"https:\/\/papafigo.hr\/izleti\/#breadcrumb\",\"itemListElement\":[{\"@type\":\"ListItem\",\"position\":1,\"name\":\"Home\",\"item\":\"https:\/\/papafigo.hr\/it\/\"},{\"@type\":\"ListItem\",\"position\":2,\"name\":\"Tours\"}]},{\"@type\":\"WebSite\",\"@id\":\"https:\/\/papafigo.hr\/#website\",\"url\":\"https:\/\/papafigo.hr\/\",\"name\":\"Papafigo Camping\",\"description\":\"\",\"potentialAction\":[{\"@type\":\"SearchAction\",\"target\":{\"@type\":\"EntryPoint\",\"urlTemplate\":\"https:\/\/papafigo.hr\/?s={search_term_string}\"},\"query-input\":{\"@type\":\"PropertyValueSpecification\",\"valueRequired\":true,\"valueName\":\"search_term_string\"}}],\"inLanguage\":\"de-DE\"}]}<\/script>\n<!-- \/ Yoast SEO Premium plugin. -->","yoast_head_json":{"title":"Izleti | Papafigo Camping","description":"Papafigo Camping Ausfl\u00fcge bieten unvergessliche Momente mit dem Schnellboot durch Istrien. Erkunden Sie die wundersch\u00f6ne K\u00fcste Istriens!","robots":{"index":"index","follow":"follow","max-snippet":"max-snippet:-1","max-image-preview":"max-image-preview:large","max-video-preview":"max-video-preview:-1"},"canonical":"https:\/\/papafigo.hr\/de\/izleti\/","og_locale":"de_DE","og_type":"article","og_title":"[:hr]Tours[:de]Ausfl\u00fcge[:]","og_description":"Papafigo Camping nudi nezaboravne izlete po Istri s gliserom. Istra\u017eite prekrasnu obalu, skrivene uvale i netaknutu prirodu, te u\u017eivajte u morskim avanturama uz na\u0161e organizirane ture.","og_url":"https:\/\/papafigo.hr\/de\/izleti\/","article_publisher":"https:\/\/www.facebook.com\/PapafigoCamping\/","article_modified_time":"2024-10-29T13:45:56+00:00","twitter_card":"summary_large_image","schema":{"@context":"https:\/\/schema.org","@graph":[{"@type":"WebPage","@id":"https:\/\/papafigo.hr\/izleti\/","url":"https:\/\/papafigo.hr\/izleti\/","name":"Izleti | Papafigo Camping","isPartOf":{"@id":"https:\/\/papafigo.hr\/#website"},"datePublished":"2024-07-04T03:27:21+00:00","dateModified":"2024-10-29T13:45:56+00:00","description":"Papafigo Camping nudi nezaboravne izlete po Istri s gliserom. Istra\u017eite prekrasnu obalu, skrivene uvale i netaknutu prirodu, te u\u017eivajte u morskim avanturama uz na\u0161e organizirane ture.","breadcrumb":{"@id":"https:\/\/papafigo.hr\/izleti\/#breadcrumb"},"inLanguage":"de-DE","potentialAction":[{"@type":"ReadAction","target":["https:\/\/papafigo.hr\/izleti\/"]}]},{"@type":"BreadcrumbList","@id":"https:\/\/papafigo.hr\/izleti\/#breadcrumb","itemListElement":[{"@type":"ListItem","position":1,"name":"Home","item":"https:\/\/papafigo.hr\/it\/"},{"@type":"ListItem","position":2,"name":"Tours"}]},{"@type":"WebSite","@id":"https:\/\/papafigo.hr\/#website","url":"https:\/\/papafigo.hr\/","name":"Papafigo Camping","description":"","potentialAction":[{"@type":"SearchAction","target":{"@type":"EntryPoint","urlTemplate":"https:\/\/papafigo.hr\/?s={search_term_string}"},"query-input":{"@type":"PropertyValueSpecification","valueRequired":true,"valueName":"search_term_string"}}],"inLanguage":"de-DE"}]}},"_links":{"self":[{"href":"https:\/\/papafigo.hr\/de\/wp-json\/wp\/v2\/pages\/1996","targetHints":{"allow":["GET"]}}],"collection":[{"href":"https:\/\/papafigo.hr\/de\/wp-json\/wp\/v2\/pages"}],"about":[{"href":"https:\/\/papafigo.hr\/de\/wp-json\/wp\/v2\/types\/page"}],"author":[{"embeddable":true,"href":"https:\/\/papafigo.hr\/de\/wp-json\/wp\/v2\/users\/1"}],"replies":[{"embeddable":true,"href":"https:\/\/papafigo.hr\/de\/wp-json\/wp\/v2\/comments?post=1996"}],"version-history":[{"count":55,"href":"https:\/\/papafigo.hr\/de\/wp-json\/wp\/v2\/pages\/1996\/revisions"}],"predecessor-version":[{"id":3363,"href":"https:\/\/papafigo.hr\/de\/wp-json\/wp\/v2\/pages\/1996\/revisions\/3363"}],"wp:attachment":[{"href":"https:\/\/papafigo.hr\/de\/wp-json\/wp\/v2\/media?parent=1996"}],"curies":[{"name":"wp","href":"https:\/\/api.w.org\/{rel}","templated":true}]}}