{"id":1728,"date":"2024-07-04T03:56:32","date_gmt":"2024-07-04T02:56:32","guid":{"rendered":"https:\/\/www.bayer-computers.com\/?page_id=1728"},"modified":"2024-11-03T22:14:40","modified_gmt":"2024-11-03T21:14:40","slug":"restaurant","status":"publish","type":"page","link":"https:\/\/papafigo.hr\/de\/restaurant\/","title":{"rendered":"Restaurant"},"content":{"rendered":"","protected":false},"excerpt":{"rendered":"","protected":false},"author":1,"featured_media":0,"parent":0,"menu_order":0,"comment_status":"closed","ping_status":"closed","template":"custom-additional-service-template.php","meta":{"_acf_changed":false,"footnotes":""},"class_list":["post-1728","page","type-page","status-publish","hentry","entry"],"acf":[],"yoast_head":"<!-- This site is optimized with the Yoast SEO Premium plugin v21.7 (Yoast SEO v26.6) - https:\/\/yoast.com\/wordpress\/plugins\/seo\/ -->\n<title>Restoran | Papafigo Camping<\/title>\n<meta name=\"description\" content=\"Restaurant Papafigo Camping bietet authentische istrische K\u00fcche mit einem einzigartigen Blick auf das Meer, den Pool und den Olivenhain. Genie\u00dfen Sie im Hauptgeb\u00e4ude von Papafigo Camping eine reichhaltige Auswahl an Gerichten, die von lokalen K\u00f6stlichkeiten und Traditionen inspiriert sind.\" \/>\n<meta name=\"robots\" content=\"index, follow, max-snippet:-1, max-image-preview:large, max-video-preview:-1\" \/>\n<link rel=\"canonical\" href=\"https:\/\/papafigo.hr\/de\/restaurant\/\" \/>\n<meta property=\"og:locale\" content=\"de_DE\" \/>\n<meta property=\"og:locale:alternate\" content=\"en_US\" \/>\n<meta property=\"og:locale:alternate\" content=\"hr_HR\" \/>\n<meta property=\"og:locale:alternate\" content=\"it-IT\" \/>\n<meta property=\"og:type\" content=\"article\" \/>\n<meta property=\"og:title\" content=\"Restaurant\" \/>\n<meta property=\"og:description\" content=\"Restoran Papafigo Camping nudi autohtonu istarsku kuhinju s jedinstvenim pogledom na more, bazen i maslinik. U\u017eivajte u bogatoj ponudi jela inspiriranih lokalnim delicijama i tradicijom u sredi\u0161njoj zgradi Papafigo Campinga.\" \/>\n<meta property=\"og:url\" content=\"https:\/\/papafigo.hr\/de\/restaurant\/\" \/>\n<meta property=\"article:publisher\" content=\"https:\/\/www.facebook.com\/PapafigoCamping\/\" \/>\n<meta property=\"article:modified_time\" content=\"2024-11-03T21:14:40+00:00\" \/>\n<meta property=\"og:image\" content=\"https:\/\/papafigo.hr\/wp-content\/plugins\/wp-multilang\/flags\/us.png\" \/>\n<meta name=\"twitter:card\" content=\"summary_large_image\" \/>\n<script type=\"application\/ld+json\" class=\"yoast-schema-graph\">{\"@context\":\"https:\/\/schema.org\",\"@graph\":[{\"@type\":\"WebPage\",\"@id\":\"https:\/\/papafigo.hr\/restaurant\/\",\"url\":\"https:\/\/papafigo.hr\/restaurant\/\",\"name\":\"Restoran | Papafigo Camping\",\"isPartOf\":{\"@id\":\"https:\/\/papafigo.hr\/#website\"},\"primaryImageOfPage\":{\"@id\":\"https:\/\/papafigo.hr\/restaurant\/#primaryimage\"},\"image\":{\"@id\":\"https:\/\/papafigo.hr\/restaurant\/#primaryimage\"},\"thumbnailUrl\":\"https:\/\/papafigo.hr\/wp-content\/plugins\/wp-multilang\/flags\/us.png\",\"datePublished\":\"2024-07-04T02:56:32+00:00\",\"dateModified\":\"2024-11-03T21:14:40+00:00\",\"description\":\"Restoran Papafigo Camping nudi autohtonu istarsku kuhinju s jedinstvenim pogledom na more, bazen i maslinik. U\u017eivajte u bogatoj ponudi jela inspiriranih lokalnim delicijama i tradicijom u sredi\u0161njoj zgradi Papafigo Campinga.\",\"breadcrumb\":{\"@id\":\"https:\/\/papafigo.hr\/restaurant\/#breadcrumb\"},\"inLanguage\":\"de-DE\",\"potentialAction\":[{\"@type\":\"ReadAction\",\"target\":[\"https:\/\/papafigo.hr\/restaurant\/\"]}]},{\"@type\":\"ImageObject\",\"inLanguage\":\"de-DE\",\"@id\":\"https:\/\/papafigo.hr\/restaurant\/#primaryimage\",\"url\":\"https:\/\/papafigo.hr\/wp-content\/plugins\/wp-multilang\/flags\/us.png\",\"contentUrl\":\"https:\/\/papafigo.hr\/wp-content\/plugins\/wp-multilang\/flags\/us.png\"},{\"@type\":\"BreadcrumbList\",\"@id\":\"https:\/\/papafigo.hr\/restaurant\/#breadcrumb\",\"itemListElement\":[{\"@type\":\"ListItem\",\"position\":1,\"name\":\"Home\",\"item\":\"https:\/\/papafigo.hr\/it\/\"},{\"@type\":\"ListItem\",\"position\":2,\"name\":\"Restaurant\"}]},{\"@type\":\"WebSite\",\"@id\":\"https:\/\/papafigo.hr\/#website\",\"url\":\"https:\/\/papafigo.hr\/\",\"name\":\"Papafigo Camping\",\"description\":\"\",\"potentialAction\":[{\"@type\":\"SearchAction\",\"target\":{\"@type\":\"EntryPoint\",\"urlTemplate\":\"https:\/\/papafigo.hr\/?s={search_term_string}\"},\"query-input\":{\"@type\":\"PropertyValueSpecification\",\"valueRequired\":true,\"valueName\":\"search_term_string\"}}],\"inLanguage\":\"de-DE\"}]}<\/script>\n<!-- \/ Yoast SEO Premium plugin. -->","yoast_head_json":{"title":"Restoran | Papafigo Camping","description":"Restaurant Papafigo Camping bietet authentische istrische K\u00fcche mit einem einzigartigen Blick auf das Meer, den Pool und den Olivenhain. Genie\u00dfen Sie im Hauptgeb\u00e4ude von Papafigo Camping eine reichhaltige Auswahl an Gerichten, die von lokalen K\u00f6stlichkeiten und Traditionen inspiriert sind.","robots":{"index":"index","follow":"follow","max-snippet":"max-snippet:-1","max-image-preview":"max-image-preview:large","max-video-preview":"max-video-preview:-1"},"canonical":"https:\/\/papafigo.hr\/de\/restaurant\/","og_locale":"de_DE","og_type":"article","og_title":"[:en]Restaurant[:hr]Restaurant[:]","og_description":"Restoran Papafigo Camping nudi autohtonu istarsku kuhinju s jedinstvenim pogledom na more, bazen i maslinik. U\u017eivajte u bogatoj ponudi jela inspiriranih lokalnim delicijama i tradicijom u sredi\u0161njoj zgradi Papafigo Campinga.","og_url":"https:\/\/papafigo.hr\/de\/restaurant\/","article_publisher":"https:\/\/www.facebook.com\/PapafigoCamping\/","article_modified_time":"2024-11-03T21:14:40+00:00","og_image":[{"url":"https:\/\/papafigo.hr\/wp-content\/plugins\/wp-multilang\/flags\/us.png","type":"","width":"","height":""}],"twitter_card":"summary_large_image","schema":{"@context":"https:\/\/schema.org","@graph":[{"@type":"WebPage","@id":"https:\/\/papafigo.hr\/restaurant\/","url":"https:\/\/papafigo.hr\/restaurant\/","name":"Restoran | Papafigo Camping","isPartOf":{"@id":"https:\/\/papafigo.hr\/#website"},"primaryImageOfPage":{"@id":"https:\/\/papafigo.hr\/restaurant\/#primaryimage"},"image":{"@id":"https:\/\/papafigo.hr\/restaurant\/#primaryimage"},"thumbnailUrl":"https:\/\/papafigo.hr\/wp-content\/plugins\/wp-multilang\/flags\/us.png","datePublished":"2024-07-04T02:56:32+00:00","dateModified":"2024-11-03T21:14:40+00:00","description":"Restoran Papafigo Camping nudi autohtonu istarsku kuhinju s jedinstvenim pogledom na more, bazen i maslinik. U\u017eivajte u bogatoj ponudi jela inspiriranih lokalnim delicijama i tradicijom u sredi\u0161njoj zgradi Papafigo Campinga.","breadcrumb":{"@id":"https:\/\/papafigo.hr\/restaurant\/#breadcrumb"},"inLanguage":"de-DE","potentialAction":[{"@type":"ReadAction","target":["https:\/\/papafigo.hr\/restaurant\/"]}]},{"@type":"ImageObject","inLanguage":"de-DE","@id":"https:\/\/papafigo.hr\/restaurant\/#primaryimage","url":"https:\/\/papafigo.hr\/wp-content\/plugins\/wp-multilang\/flags\/us.png","contentUrl":"https:\/\/papafigo.hr\/wp-content\/plugins\/wp-multilang\/flags\/us.png"},{"@type":"BreadcrumbList","@id":"https:\/\/papafigo.hr\/restaurant\/#breadcrumb","itemListElement":[{"@type":"ListItem","position":1,"name":"Home","item":"https:\/\/papafigo.hr\/it\/"},{"@type":"ListItem","position":2,"name":"Restaurant"}]},{"@type":"WebSite","@id":"https:\/\/papafigo.hr\/#website","url":"https:\/\/papafigo.hr\/","name":"Papafigo Camping","description":"","potentialAction":[{"@type":"SearchAction","target":{"@type":"EntryPoint","urlTemplate":"https:\/\/papafigo.hr\/?s={search_term_string}"},"query-input":{"@type":"PropertyValueSpecification","valueRequired":true,"valueName":"search_term_string"}}],"inLanguage":"de-DE"}]}},"_links":{"self":[{"href":"https:\/\/papafigo.hr\/de\/wp-json\/wp\/v2\/pages\/1728","targetHints":{"allow":["GET"]}}],"collection":[{"href":"https:\/\/papafigo.hr\/de\/wp-json\/wp\/v2\/pages"}],"about":[{"href":"https:\/\/papafigo.hr\/de\/wp-json\/wp\/v2\/types\/page"}],"author":[{"embeddable":true,"href":"https:\/\/papafigo.hr\/de\/wp-json\/wp\/v2\/users\/1"}],"replies":[{"embeddable":true,"href":"https:\/\/papafigo.hr\/de\/wp-json\/wp\/v2\/comments?post=1728"}],"version-history":[{"count":93,"href":"https:\/\/papafigo.hr\/de\/wp-json\/wp\/v2\/pages\/1728\/revisions"}],"predecessor-version":[{"id":3260,"href":"https:\/\/papafigo.hr\/de\/wp-json\/wp\/v2\/pages\/1728\/revisions\/3260"}],"wp:attachment":[{"href":"https:\/\/papafigo.hr\/de\/wp-json\/wp\/v2\/media?parent=1728"}],"curies":[{"name":"wp","href":"https:\/\/api.w.org\/{rel}","templated":true}]}}