{"id":1001,"date":"2024-06-26T03:00:53","date_gmt":"2024-06-26T02:00:53","guid":{"rendered":"https:\/\/www.bayer-computers.com\/?page_id=1001"},"modified":"2024-11-06T10:57:13","modified_gmt":"2024-11-06T09:57:13","slug":"contact","status":"publish","type":"page","link":"https:\/\/papafigo.hr\/de\/contact\/","title":{"rendered":"Kontakt"},"content":{"rendered":"","protected":false},"excerpt":{"rendered":"","protected":false},"author":1,"featured_media":0,"parent":0,"menu_order":0,"comment_status":"closed","ping_status":"closed","template":"contact_us_template.php","meta":{"_acf_changed":false,"footnotes":""},"class_list":["post-1001","page","type-page","status-publish","hentry","entry"],"acf":[],"yoast_head":"<!-- This site is optimized with the Yoast SEO Premium plugin v21.7 (Yoast SEO v26.6) - https:\/\/yoast.com\/wordpress\/plugins\/seo\/ -->\n<title>Kontakt | Papafigo Camping<\/title>\n<meta name=\"description\" content=\"Kontaktieren Sie Papafigo Camping f\u00fcr alle Informationen zu Reservierungen, Verf\u00fcgbarkeit von Unterk\u00fcnften und zus\u00e4tzlichen Dienstleistungen. Unser Team steht Ihnen f\u00fcr alle Anfragen zur Verf\u00fcgung, um einen unvergesslichen Aufenthalt in Istrien zu gew\u00e4hrleisten.\" \/>\n<meta name=\"robots\" content=\"index, follow, max-snippet:-1, max-image-preview:large, max-video-preview:-1\" \/>\n<link rel=\"canonical\" href=\"https:\/\/papafigo.hr\/de\/contact\/\" \/>\n<meta property=\"og:locale\" content=\"de_DE\" \/>\n<meta property=\"og:locale:alternate\" content=\"en_US\" \/>\n<meta property=\"og:locale:alternate\" content=\"hr_HR\" \/>\n<meta property=\"og:locale:alternate\" content=\"it-IT\" \/>\n<meta property=\"og:type\" content=\"article\" \/>\n<meta property=\"og:title\" content=\"Kontakt\" \/>\n<meta property=\"og:description\" content=\"Kontaktirajte Papafigo Camping za sve informacije o rezervacijama, dostupnosti smje\u0161taja i dodatnim uslugama. Na\u0161 tim vam stoji na raspolaganju za sve upite kako bismo osigurali nezaboravan boravak u Istri.\" \/>\n<meta property=\"og:url\" content=\"https:\/\/papafigo.hr\/de\/contact\/\" \/>\n<meta property=\"article:publisher\" content=\"https:\/\/www.facebook.com\/PapafigoCamping\/\" \/>\n<meta property=\"article:modified_time\" content=\"2024-11-06T09:57:13+00:00\" \/>\n<meta name=\"twitter:card\" content=\"summary_large_image\" \/>\n<script type=\"application\/ld+json\" class=\"yoast-schema-graph\">{\"@context\":\"https:\/\/schema.org\",\"@graph\":[{\"@type\":\"WebPage\",\"@id\":\"https:\/\/papafigo.hr\/contact\/\",\"url\":\"https:\/\/papafigo.hr\/contact\/\",\"name\":\"Kontakt | Papafigo Camping\",\"isPartOf\":{\"@id\":\"https:\/\/papafigo.hr\/#website\"},\"datePublished\":\"2024-06-26T02:00:53+00:00\",\"dateModified\":\"2024-11-06T09:57:13+00:00\",\"description\":\"Kontaktirajte Papafigo Camping za sve informacije o rezervacijama, dostupnosti smje\u0161taja i dodatnim uslugama. Na\u0161 tim vam stoji na raspolaganju za sve upite kako bismo osigurali nezaboravan boravak u Istri.\",\"breadcrumb\":{\"@id\":\"https:\/\/papafigo.hr\/contact\/#breadcrumb\"},\"inLanguage\":\"de-DE\",\"potentialAction\":[{\"@type\":\"ReadAction\",\"target\":[\"https:\/\/papafigo.hr\/contact\/\"]}]},{\"@type\":\"BreadcrumbList\",\"@id\":\"https:\/\/papafigo.hr\/contact\/#breadcrumb\",\"itemListElement\":[{\"@type\":\"ListItem\",\"position\":1,\"name\":\"Home\",\"item\":\"https:\/\/papafigo.hr\/it\/\"},{\"@type\":\"ListItem\",\"position\":2,\"name\":\"Contact\"}]},{\"@type\":\"WebSite\",\"@id\":\"https:\/\/papafigo.hr\/#website\",\"url\":\"https:\/\/papafigo.hr\/\",\"name\":\"Papafigo Camping\",\"description\":\"\",\"potentialAction\":[{\"@type\":\"SearchAction\",\"target\":{\"@type\":\"EntryPoint\",\"urlTemplate\":\"https:\/\/papafigo.hr\/?s={search_term_string}\"},\"query-input\":{\"@type\":\"PropertyValueSpecification\",\"valueRequired\":true,\"valueName\":\"search_term_string\"}}],\"inLanguage\":\"de-DE\"}]}<\/script>\n<!-- \/ Yoast SEO Premium plugin. -->","yoast_head_json":{"title":"Kontakt | Papafigo Camping","description":"Kontaktieren Sie Papafigo Camping f\u00fcr alle Informationen zu Reservierungen, Verf\u00fcgbarkeit von Unterk\u00fcnften und zus\u00e4tzlichen Dienstleistungen. Unser Team steht Ihnen f\u00fcr alle Anfragen zur Verf\u00fcgung, um einen unvergesslichen Aufenthalt in Istrien zu gew\u00e4hrleisten.","robots":{"index":"index","follow":"follow","max-snippet":"max-snippet:-1","max-image-preview":"max-image-preview:large","max-video-preview":"max-video-preview:-1"},"canonical":"https:\/\/papafigo.hr\/de\/contact\/","og_locale":"de_DE","og_type":"article","og_title":"[:hr]Contact[:de]Kontakt[:]","og_description":"Kontaktirajte Papafigo Camping za sve informacije o rezervacijama, dostupnosti smje\u0161taja i dodatnim uslugama. Na\u0161 tim vam stoji na raspolaganju za sve upite kako bismo osigurali nezaboravan boravak u Istri.","og_url":"https:\/\/papafigo.hr\/de\/contact\/","article_publisher":"https:\/\/www.facebook.com\/PapafigoCamping\/","article_modified_time":"2024-11-06T09:57:13+00:00","twitter_card":"summary_large_image","schema":{"@context":"https:\/\/schema.org","@graph":[{"@type":"WebPage","@id":"https:\/\/papafigo.hr\/contact\/","url":"https:\/\/papafigo.hr\/contact\/","name":"Kontakt | Papafigo Camping","isPartOf":{"@id":"https:\/\/papafigo.hr\/#website"},"datePublished":"2024-06-26T02:00:53+00:00","dateModified":"2024-11-06T09:57:13+00:00","description":"Kontaktirajte Papafigo Camping za sve informacije o rezervacijama, dostupnosti smje\u0161taja i dodatnim uslugama. Na\u0161 tim vam stoji na raspolaganju za sve upite kako bismo osigurali nezaboravan boravak u Istri.","breadcrumb":{"@id":"https:\/\/papafigo.hr\/contact\/#breadcrumb"},"inLanguage":"de-DE","potentialAction":[{"@type":"ReadAction","target":["https:\/\/papafigo.hr\/contact\/"]}]},{"@type":"BreadcrumbList","@id":"https:\/\/papafigo.hr\/contact\/#breadcrumb","itemListElement":[{"@type":"ListItem","position":1,"name":"Home","item":"https:\/\/papafigo.hr\/it\/"},{"@type":"ListItem","position":2,"name":"Contact"}]},{"@type":"WebSite","@id":"https:\/\/papafigo.hr\/#website","url":"https:\/\/papafigo.hr\/","name":"Papafigo Camping","description":"","potentialAction":[{"@type":"SearchAction","target":{"@type":"EntryPoint","urlTemplate":"https:\/\/papafigo.hr\/?s={search_term_string}"},"query-input":{"@type":"PropertyValueSpecification","valueRequired":true,"valueName":"search_term_string"}}],"inLanguage":"de-DE"}]}},"_links":{"self":[{"href":"https:\/\/papafigo.hr\/de\/wp-json\/wp\/v2\/pages\/1001","targetHints":{"allow":["GET"]}}],"collection":[{"href":"https:\/\/papafigo.hr\/de\/wp-json\/wp\/v2\/pages"}],"about":[{"href":"https:\/\/papafigo.hr\/de\/wp-json\/wp\/v2\/types\/page"}],"author":[{"embeddable":true,"href":"https:\/\/papafigo.hr\/de\/wp-json\/wp\/v2\/users\/1"}],"replies":[{"embeddable":true,"href":"https:\/\/papafigo.hr\/de\/wp-json\/wp\/v2\/comments?post=1001"}],"version-history":[{"count":38,"href":"https:\/\/papafigo.hr\/de\/wp-json\/wp\/v2\/pages\/1001\/revisions"}],"predecessor-version":[{"id":3404,"href":"https:\/\/papafigo.hr\/de\/wp-json\/wp\/v2\/pages\/1001\/revisions\/3404"}],"wp:attachment":[{"href":"https:\/\/papafigo.hr\/de\/wp-json\/wp\/v2\/media?parent=1001"}],"curies":[{"name":"wp","href":"https:\/\/api.w.org\/{rel}","templated":true}]}}